{"id":1865,"date":"2025-12-09T19:53:59","date_gmt":"2025-12-09T16:53:59","guid":{"rendered":"https:\/\/iconcare.com.tr\/?post_type=product&#038;p=1865"},"modified":"2026-03-07T09:57:08","modified_gmt":"2026-03-07T06:57:08","slug":"icon-care-cilt-bakim-kopugu-100-ml-2","status":"publish","type":"product","link":"https:\/\/iconcare.com.tr\/index.php\/urun\/icon-care-cilt-bakim-kopugu-100-ml-2\/","title":{"rendered":"ICON Care Cilt Bak\u0131m K\u00f6p\u00fc\u011f\u00fc &#8211; 100 ML"},"content":{"rendered":"","protected":false},"excerpt":{"rendered":"<p><img fetchpriority=\"high\" decoding=\"async\" class=\"alignnone size-full wp-image-1058\" src=\"https:\/\/iconcare.com.tr\/wp-content\/uploads\/2024\/10\/Adsiz-tasarim-83.png\" alt=\"\" width=\"800\" height=\"250\" \/><\/p>\n<p>    <\/span><br \/>\n<\/a><\/p>\n<div class=\"wp-block-buttons\"><span class=\"OYPEnA font-feature-liga-off font-feature-clig-off font-feature-calt-off text-decoration-none text-strikethrough-none\">Panthenol (provitamin B5) ile zenginle\u015ftirilmi\u015f form\u00fcl\u00fc, cildin canland\u0131r\u0131lmas\u0131na ve tazelenmesine yard\u0131mc\u0131 olur. Panthenol, cildi besleyerek derinlemesine nemlendirme sa\u011flar ve cildin do\u011fal bariyerini g\u00fc\u00e7lendirir, b\u00f6ylece cildi d\u0131\u015f etkenlere kar\u015f\u0131 korur ve onar\u0131r. Taze yaban mersini ve s\u00fct kokular\u0131, enerji verici bir milk shake hissi yarat\u0131r.   *G\u00fcnl\u00fck kullan\u0131m i\u00e7in uygundur, \u00f6zellikle banyo sonras\u0131 kullan\u0131m \u00f6nerilir.<br \/>\n<\/span><\/div>\n<p><!-- Event snippet for Purchase Start conversion page\nIn your html page, add the snippet and call gtag_report_conversion when someone clicks on the chosen link or button. --><br \/>\n<script>\nfunction gtag_report_conversion(url) {\n  var callback = function () {\n    if (typeof(url) != 'undefined') {\n      window.location = url;\n    }\n  };\n  gtag('event', 'conversion', {\n      'send_to': 'AW-16766295953\/6tj6CN3MzJUaEJG_5bo-',\n      'event_callback': callback\n  });\n  return false;\n}\n<\/script><\/p>\n[maxbutton id=\"1\" url=\"https:\/\/www.trendyol.com\/icon-care\/cilt-bakim-kopugu-strawberry-cheesecake-100-ml-p-1056966212?boutiqueId=61&#038;merchantId=1036392&#038;filterOverPriceListings=false&#038;sav=true\" text=\"TRENDYOL\" ]\n[maxbutton id=\"1\" url=\"https:\/\/www.hepsiburada.com\/icon-care-cilt-bakim-kopugu-strawberry-cheesecake-pm-HBC000075VJ1D?magaza=%C4%B0CON%20Care\" text=\"HEPS\u0130BURADA\" ]\n[maxbutton id=\"1\" url=\"https:\/\/www.ikoncan.com\/icon-care-cilt-bak%C4%B1m-k%C3%B6p%C3%BC%C4%9F%C3%BC-200ml-strawberry-21163\" text=\"IKONCAN\" ]\n<p><!-- Google tag (gtag.js) --><br \/>\n<script async src=\"https:\/\/www.googletagmanager.com\/gtag\/js?id=G-MBLKDN22D5\"><\/script><\/p>\n<p><script>\n<img fetchpriority=\"high\" decoding=\"async\" class=\"alignnone size-full wp-image-1058\" src=\"https:\/\/iconcare.com.tr\/wp-content\/uploads\/2024\/10\/Adsiz-tasarim-83.png\" alt=\"\" width=\"800\" height=\"250\" \/><\/p>\n<p>    <\/span>\n<\/a><\/p>\n<div class=\"wp-block-buttons\"><span class=\"OYPEnA font-feature-liga-off font-feature-clig-off font-feature-calt-off text-decoration-none text-strikethrough-none\">Panthenol (provitamin B5) ile zenginle\u015ftirilmi\u015f form\u00fcl\u00fc, cildin canland\u0131r\u0131lmas\u0131na ve tazelenmesine yard\u0131mc\u0131 olur. Panthenol, cildi besleyerek derinlemesine nemlendirme sa\u011flar ve cildin do\u011fal bariyerini g\u00fc\u00e7lendirir, b\u00f6ylece cildi d\u0131\u015f etkenlere kar\u015f\u0131 korur ve onar\u0131r. Taze yaban mersini ve s\u00fct kokular\u0131, enerji verici bir milk shake hissi yarat\u0131r.   *G\u00fcnl\u00fck kullan\u0131m i\u00e7in uygundur, \u00f6zellikle banyo sonras\u0131 kullan\u0131m \u00f6nerilir.\n<\/span><\/div>\n<p><!-- Event snippet for Purchase Start conversion page\nIn your html page, add the snippet and call gtag_report_conversion when someone clicks on the chosen link or button. -->\n<script>\nfunction gtag_report_conversion(url) {\n  var callback = function () {\n    if (typeof(url) != 'undefined') {\n      window.location = url;\n    }\n  };\n  gtag('event', 'conversion', {\n      'send_to': 'AW-16766295953\/6tj6CN3MzJUaEJG_5bo-',\n      'event_callback': callback\n  });\n  return false;\n}\n<\/script><\/p>\n","protected":false},"featured_media":1849,"comment_status":"closed","ping_status":"closed","template":"","meta":[],"product_cat":[15],"product_tag":[],"class_list":{"0":"post-1865","1":"product","2":"type-product","3":"status-publish","4":"has-post-thumbnail","6":"product_cat-genel","8":"first","9":"instock","10":"shipping-taxable","11":"product-type-simple"},"yoast_head":"<!-- This site is optimized with the Yoast SEO plugin v23.8 - https:\/\/yoast.com\/wordpress\/plugins\/seo\/ -->\n<title>ICON Care Cilt Bak\u0131m K\u00f6p\u00fc\u011f\u00fc - 100 ML - ICON Care - Resmi Web Sayfas\u0131<\/title>\n<meta name=\"robots\" content=\"index, follow, max-snippet:-1, max-image-preview:large, max-video-preview:-1\" \/>\n<link rel=\"canonical\" href=\"https:\/\/iconcare.com.tr\/index.php\/urun\/icon-care-cilt-bakim-kopugu-100-ml-2\/\" \/>\n<meta property=\"og:locale\" content=\"tr_TR\" \/>\n<meta property=\"og:type\" content=\"article\" \/>\n<meta property=\"og:title\" content=\"ICON Care Cilt Bak\u0131m K\u00f6p\u00fc\u011f\u00fc - 100 ML - ICON Care - Resmi Web Sayfas\u0131\" \/>\n<meta property=\"og:description\" content=\"Panthenol (provitamin B5) ile zenginle\u015ftirilmi\u015f form\u00fcl\u00fc, cildin canland\u0131r\u0131lmas\u0131na ve tazelenmesine yard\u0131mc\u0131 olur. Panthenol, cildi besleyerek derinlemesine nemlendirme sa\u011flar ve cildin do\u011fal bariyerini g\u00fc\u00e7lendirir, b\u00f6ylece cildi d\u0131\u015f etkenlere kar\u015f\u0131 korur ve onar\u0131r. Taze yaban mersini ve s\u00fct kokular\u0131, enerji verici bir milk shake hissi yarat\u0131r.  *G\u00fcnl\u00fck kullan\u0131m i\u00e7in uygundur, \u00f6zellikle banyo sonras\u0131 kullan\u0131m \u00f6nerilir.\" \/>\n<meta property=\"og:url\" content=\"https:\/\/iconcare.com.tr\/index.php\/urun\/icon-care-cilt-bakim-kopugu-100-ml-2\/\" \/>\n<meta property=\"og:site_name\" content=\"ICON Care - Resmi Web Sayfas\u0131\" \/>\n<meta property=\"article:modified_time\" content=\"2026-03-07T06:57:08+00:00\" \/>\n<meta property=\"og:image\" content=\"https:\/\/iconcare.com.tr\/wp-content\/uploads\/2025\/12\/Cheesecake_Tekli_1.jpg\" \/>\n\t<meta property=\"og:image:width\" content=\"621\" \/>\n\t<meta property=\"og:image:height\" content=\"931\" \/>\n\t<meta property=\"og:image:type\" content=\"image\/jpeg\" \/>\n<meta name=\"twitter:card\" content=\"summary_large_image\" \/>\n<meta name=\"twitter:label1\" content=\"Tahmini okuma s\u00fcresi\" \/>\n\t<meta name=\"twitter:data1\" content=\"1 dakika\" \/>\n<script type=\"application\/ld+json\" class=\"yoast-schema-graph\">{\"@context\":\"https:\/\/schema.org\",\"@graph\":[{\"@type\":\"WebPage\",\"@id\":\"https:\/\/iconcare.com.tr\/index.php\/urun\/icon-care-cilt-bakim-kopugu-100-ml-2\/\",\"url\":\"https:\/\/iconcare.com.tr\/index.php\/urun\/icon-care-cilt-bakim-kopugu-100-ml-2\/\",\"name\":\"ICON Care Cilt Bak\u0131m K\u00f6p\u00fc\u011f\u00fc - 100 ML - ICON Care - Resmi Web Sayfas\u0131\",\"isPartOf\":{\"@id\":\"https:\/\/iconcare.com.tr\/#website\"},\"primaryImageOfPage\":{\"@id\":\"https:\/\/iconcare.com.tr\/index.php\/urun\/icon-care-cilt-bakim-kopugu-100-ml-2\/#primaryimage\"},\"image\":{\"@id\":\"https:\/\/iconcare.com.tr\/index.php\/urun\/icon-care-cilt-bakim-kopugu-100-ml-2\/#primaryimage\"},\"thumbnailUrl\":\"https:\/\/iconcare.com.tr\/wp-content\/uploads\/2025\/12\/Cheesecake_Tekli_1.jpg\",\"datePublished\":\"2025-12-09T16:53:59+00:00\",\"dateModified\":\"2026-03-07T06:57:08+00:00\",\"breadcrumb\":{\"@id\":\"https:\/\/iconcare.com.tr\/index.php\/urun\/icon-care-cilt-bakim-kopugu-100-ml-2\/#breadcrumb\"},\"inLanguage\":\"tr\",\"potentialAction\":[{\"@type\":\"ReadAction\",\"target\":[\"https:\/\/iconcare.com.tr\/index.php\/urun\/icon-care-cilt-bakim-kopugu-100-ml-2\/\"]}]},{\"@type\":\"ImageObject\",\"inLanguage\":\"tr\",\"@id\":\"https:\/\/iconcare.com.tr\/index.php\/urun\/icon-care-cilt-bakim-kopugu-100-ml-2\/#primaryimage\",\"url\":\"https:\/\/iconcare.com.tr\/wp-content\/uploads\/2025\/12\/Cheesecake_Tekli_1.jpg\",\"contentUrl\":\"https:\/\/iconcare.com.tr\/wp-content\/uploads\/2025\/12\/Cheesecake_Tekli_1.jpg\",\"width\":621,\"height\":931},{\"@type\":\"BreadcrumbList\",\"@id\":\"https:\/\/iconcare.com.tr\/index.php\/urun\/icon-care-cilt-bakim-kopugu-100-ml-2\/#breadcrumb\",\"itemListElement\":[{\"@type\":\"ListItem\",\"position\":1,\"name\":\"Anasayfa\",\"item\":\"https:\/\/iconcare.com.tr\/\"},{\"@type\":\"ListItem\",\"position\":2,\"name\":\"\u00dcr\u00fcnler\",\"item\":\"https:\/\/iconcare.com.tr\/index.php\/shop__trashed\/\"},{\"@type\":\"ListItem\",\"position\":3,\"name\":\"ICON Care Cilt Bak\u0131m K\u00f6p\u00fc\u011f\u00fc &#8211; 100 ML\"}]},{\"@type\":\"WebSite\",\"@id\":\"https:\/\/iconcare.com.tr\/#website\",\"url\":\"https:\/\/iconcare.com.tr\/\",\"name\":\"ICON Care - Resmi Web Sayfas\u0131\",\"description\":\"\",\"potentialAction\":[{\"@type\":\"SearchAction\",\"target\":{\"@type\":\"EntryPoint\",\"urlTemplate\":\"https:\/\/iconcare.com.tr\/?s={search_term_string}\"},\"query-input\":{\"@type\":\"PropertyValueSpecification\",\"valueRequired\":true,\"valueName\":\"search_term_string\"}}],\"inLanguage\":\"tr\"}]}<\/script>\n<!-- \/ Yoast SEO plugin. -->","yoast_head_json":{"title":"ICON Care Cilt Bak\u0131m K\u00f6p\u00fc\u011f\u00fc - 100 ML - ICON Care - Resmi Web Sayfas\u0131","robots":{"index":"index","follow":"follow","max-snippet":"max-snippet:-1","max-image-preview":"max-image-preview:large","max-video-preview":"max-video-preview:-1"},"canonical":"https:\/\/iconcare.com.tr\/index.php\/urun\/icon-care-cilt-bakim-kopugu-100-ml-2\/","og_locale":"tr_TR","og_type":"article","og_title":"ICON Care Cilt Bak\u0131m K\u00f6p\u00fc\u011f\u00fc - 100 ML - ICON Care - Resmi Web Sayfas\u0131","og_description":"Panthenol (provitamin B5) ile zenginle\u015ftirilmi\u015f form\u00fcl\u00fc, cildin canland\u0131r\u0131lmas\u0131na ve tazelenmesine yard\u0131mc\u0131 olur. Panthenol, cildi besleyerek derinlemesine nemlendirme sa\u011flar ve cildin do\u011fal bariyerini g\u00fc\u00e7lendirir, b\u00f6ylece cildi d\u0131\u015f etkenlere kar\u015f\u0131 korur ve onar\u0131r. Taze yaban mersini ve s\u00fct kokular\u0131, enerji verici bir milk shake hissi yarat\u0131r.  *G\u00fcnl\u00fck kullan\u0131m i\u00e7in uygundur, \u00f6zellikle banyo sonras\u0131 kullan\u0131m \u00f6nerilir.","og_url":"https:\/\/iconcare.com.tr\/index.php\/urun\/icon-care-cilt-bakim-kopugu-100-ml-2\/","og_site_name":"ICON Care - Resmi Web Sayfas\u0131","article_modified_time":"2026-03-07T06:57:08+00:00","og_image":[{"width":621,"height":931,"url":"https:\/\/iconcare.com.tr\/wp-content\/uploads\/2025\/12\/Cheesecake_Tekli_1.jpg","type":"image\/jpeg"}],"twitter_card":"summary_large_image","twitter_misc":{"Tahmini okuma s\u00fcresi":"1 dakika"},"schema":{"@context":"https:\/\/schema.org","@graph":[{"@type":"WebPage","@id":"https:\/\/iconcare.com.tr\/index.php\/urun\/icon-care-cilt-bakim-kopugu-100-ml-2\/","url":"https:\/\/iconcare.com.tr\/index.php\/urun\/icon-care-cilt-bakim-kopugu-100-ml-2\/","name":"ICON Care Cilt Bak\u0131m K\u00f6p\u00fc\u011f\u00fc - 100 ML - ICON Care - Resmi Web Sayfas\u0131","isPartOf":{"@id":"https:\/\/iconcare.com.tr\/#website"},"primaryImageOfPage":{"@id":"https:\/\/iconcare.com.tr\/index.php\/urun\/icon-care-cilt-bakim-kopugu-100-ml-2\/#primaryimage"},"image":{"@id":"https:\/\/iconcare.com.tr\/index.php\/urun\/icon-care-cilt-bakim-kopugu-100-ml-2\/#primaryimage"},"thumbnailUrl":"https:\/\/iconcare.com.tr\/wp-content\/uploads\/2025\/12\/Cheesecake_Tekli_1.jpg","datePublished":"2025-12-09T16:53:59+00:00","dateModified":"2026-03-07T06:57:08+00:00","breadcrumb":{"@id":"https:\/\/iconcare.com.tr\/index.php\/urun\/icon-care-cilt-bakim-kopugu-100-ml-2\/#breadcrumb"},"inLanguage":"tr","potentialAction":[{"@type":"ReadAction","target":["https:\/\/iconcare.com.tr\/index.php\/urun\/icon-care-cilt-bakim-kopugu-100-ml-2\/"]}]},{"@type":"ImageObject","inLanguage":"tr","@id":"https:\/\/iconcare.com.tr\/index.php\/urun\/icon-care-cilt-bakim-kopugu-100-ml-2\/#primaryimage","url":"https:\/\/iconcare.com.tr\/wp-content\/uploads\/2025\/12\/Cheesecake_Tekli_1.jpg","contentUrl":"https:\/\/iconcare.com.tr\/wp-content\/uploads\/2025\/12\/Cheesecake_Tekli_1.jpg","width":621,"height":931},{"@type":"BreadcrumbList","@id":"https:\/\/iconcare.com.tr\/index.php\/urun\/icon-care-cilt-bakim-kopugu-100-ml-2\/#breadcrumb","itemListElement":[{"@type":"ListItem","position":1,"name":"Anasayfa","item":"https:\/\/iconcare.com.tr\/"},{"@type":"ListItem","position":2,"name":"\u00dcr\u00fcnler","item":"https:\/\/iconcare.com.tr\/index.php\/shop__trashed\/"},{"@type":"ListItem","position":3,"name":"ICON Care Cilt Bak\u0131m K\u00f6p\u00fc\u011f\u00fc &#8211; 100 ML"}]},{"@type":"WebSite","@id":"https:\/\/iconcare.com.tr\/#website","url":"https:\/\/iconcare.com.tr\/","name":"ICON Care - Resmi Web Sayfas\u0131","description":"","potentialAction":[{"@type":"SearchAction","target":{"@type":"EntryPoint","urlTemplate":"https:\/\/iconcare.com.tr\/?s={search_term_string}"},"query-input":{"@type":"PropertyValueSpecification","valueRequired":true,"valueName":"search_term_string"}}],"inLanguage":"tr"}]}},"_links":{"self":[{"href":"https:\/\/iconcare.com.tr\/index.php\/wp-json\/wp\/v2\/product\/1865","targetHints":{"allow":["GET"]}}],"collection":[{"href":"https:\/\/iconcare.com.tr\/index.php\/wp-json\/wp\/v2\/product"}],"about":[{"href":"https:\/\/iconcare.com.tr\/index.php\/wp-json\/wp\/v2\/types\/product"}],"replies":[{"embeddable":true,"href":"https:\/\/iconcare.com.tr\/index.php\/wp-json\/wp\/v2\/comments?post=1865"}],"wp:featuredmedia":[{"embeddable":true,"href":"https:\/\/iconcare.com.tr\/index.php\/wp-json\/wp\/v2\/media\/1849"}],"wp:attachment":[{"href":"https:\/\/iconcare.com.tr\/index.php\/wp-json\/wp\/v2\/media?parent=1865"}],"wp:term":[{"taxonomy":"product_cat","embeddable":true,"href":"https:\/\/iconcare.com.tr\/index.php\/wp-json\/wp\/v2\/product_cat?post=1865"},{"taxonomy":"product_tag","embeddable":true,"href":"https:\/\/iconcare.com.tr\/index.php\/wp-json\/wp\/v2\/product_tag?post=1865"}],"curies":[{"name":"wp","href":"https:\/\/api.w.org\/{rel}","templated":true}]}}