{"id":1859,"date":"2025-12-09T19:50:51","date_gmt":"2025-12-09T16:50:51","guid":{"rendered":"https:\/\/iconcare.com.tr\/?post_type=product&#038;p=1859"},"modified":"2025-12-09T19:51:18","modified_gmt":"2025-12-09T16:51:18","slug":"icon-care-cilt-bakim-kopugu-hyaluronic-acid-100-ml","status":"publish","type":"product","link":"https:\/\/iconcare.com.tr\/index.php\/urun\/icon-care-cilt-bakim-kopugu-hyaluronic-acid-100-ml\/","title":{"rendered":"ICON Care Cilt Bak\u0131m K\u00f6p\u00fc\u011f\u00fc Hyaluronic Acid &#8211; 100 ML"},"content":{"rendered":"","protected":false},"excerpt":{"rendered":"<p><img fetchpriority=\"high\" decoding=\"async\" class=\"alignnone size-full wp-image-1058\" src=\"https:\/\/iconcare.com.tr\/wp-content\/uploads\/2024\/10\/Adsiz-tasarim-83.png\" alt=\"\" width=\"800\" height=\"250\" \/><\/p>\n<p>&nbsp;<\/p>\n<div class=\"wp-block-buttons\"><span class=\"OYPEnA font-feature-liga-off font-feature-clig-off font-feature-calt-off text-decoration-none text-strikethrough-none\">Sodium Hyaluronate (Hyaluronic Acid): Cilt y\u00fczeyinde nem tutulumuna katk\u0131 sa\u011flar. Aloevera Ekstrakt: Cildin yenilenmesine yard\u0131mc\u0131 olur. Daha dolgun ve nemli bir cilt g\u00f6r\u00fcn\u00fcm\u00fcn\u00fc destekler. Glycerin: Cildin nem dengesinin korunmas\u0131na yard\u0131mc\u0131 olur, kurulu\u011fu azaltmaya katk\u0131 sa\u011flar.<br \/>\n<\/span><\/div>\n<p><!-- Event snippet for Purchase Start conversion page In your html page, add the snippet and call gtag_report_conversion when someone clicks on the chosen link or button. --><br \/>\n<script>\nfunction gtag_report_conversion(url) {\n  var callback = function () {\n    if (typeof(url) != 'undefined') {\n      window.location = url;\n    }\n  };\n  gtag('event', 'conversion', {\n      'send_to': 'AW-16766295953\/6tj6CN3MzJUaEJG_5bo-',\n      'event_callback': callback\n  });\n  return false;\n}\n<\/script><\/p>\n[maxbutton id=\"1\" url=\"https:\/\/www.trendyol.com\/icon-care\/cilt-bakim-kopugu-hyaluronic-acid-200ml-p-986528470?merchantId=332840&#038;filterOverPriceListings=false\" text=\"TRENDYOL\" ]\n[maxbutton id=\"1\" url=\"https:\/\/www.trendyol.com\/icon-care\/cilt-bakim-kopugu-hyaluronic-acid-200ml-p-986528470?merchantId=332840&#038;filterOverPriceListings=false\" text=\"HEPS\u0130BURADA\" ]\n[maxbutton id=\"1\" url=\"https:\/\/www.trendyol.com\/icon-care\/cilt-bakim-kopugu-hyaluronic-acid-200ml-p-986528470?merchantId=332840&#038;filterOverPriceListings=false\" text=\"IKONCAN\" ]\n<p><!-- Google tag (gtag.js) --><br \/>\n<script async src=\"https:\/\/www.googletagmanager.com\/gtag\/js?id=G-MBLKDN22D5\"><\/script><\/p>\n<p><script>\n<img fetchpriority=\"high\" decoding=\"async\" class=\"alignnone size-full wp-image-1058\" src=\"https:\/\/iconcare.com.tr\/wp-content\/uploads\/2024\/10\/Adsiz-tasarim-83.png\" alt=\"\" width=\"800\" height=\"250\" \/><\/p>\n<p>    <\/span>\n<\/a><\/p>\n<\/p>\n<div class=\"wp-block-buttons\"><span class=\"OYPEnA font-feature-liga-off font-feature-clig-off font-feature-calt-off text-decoration-none text-strikethrough-none\">Sodium Hyaluronate (Hyaluronic Acid): Cilt y\u00fczeyinde nem tutulumuna katk\u0131 sa\u011flar. Aloevera Ekstrakt: Cildin yenilenmesine yard\u0131mc\u0131 olur. Daha dolgun ve nemli bir cilt g\u00f6r\u00fcn\u00fcm\u00fcn\u00fc destekler. Glycerin: Cildin nem dengesinin korunmas\u0131na yard\u0131mc\u0131 olur, kurulu\u011fu azaltmaya katk\u0131 sa\u011flar.\n<\/span><\/div>\n<\/p>\n<p>\n<!-- Event snippet for Purchase Start conversion page In your html page, add the snippet and call gtag_report_conversion when someone clicks on the chosen link or button. -->\n<script>\nfunction gtag_report_conversion(url) {\n  var callback = function () {\n    if (typeof(url) != 'undefined') {\n      window.location = url;\n    }\n  };\n  gtag('event', 'conversion', {\n      'send_to': 'AW-16766295953\/6tj6CN3MzJUaEJG_5bo-',\n      'event_callback': callback\n  });\n  return false;\n}\n<\/script><\/p>\n","protected":false},"featured_media":1853,"comment_status":"closed","ping_status":"closed","template":"","meta":[],"product_cat":[15],"product_tag":[],"class_list":{"0":"post-1859","1":"product","2":"type-product","3":"status-publish","4":"has-post-thumbnail","6":"product_cat-genel","8":"first","9":"instock","10":"shipping-taxable","11":"product-type-simple"},"yoast_head":"<!-- This site is optimized with the Yoast SEO plugin v23.8 - https:\/\/yoast.com\/wordpress\/plugins\/seo\/ -->\n<title>ICON Care Cilt Bak\u0131m K\u00f6p\u00fc\u011f\u00fc Hyaluronic Acid - 100 ML - ICON Care - Resmi Web Sayfas\u0131<\/title>\n<meta name=\"robots\" content=\"index, follow, max-snippet:-1, max-image-preview:large, max-video-preview:-1\" \/>\n<link rel=\"canonical\" href=\"https:\/\/iconcare.com.tr\/index.php\/urun\/icon-care-cilt-bakim-kopugu-hyaluronic-acid-100-ml\/\" \/>\n<meta property=\"og:locale\" content=\"tr_TR\" \/>\n<meta property=\"og:type\" content=\"article\" \/>\n<meta property=\"og:title\" content=\"ICON Care Cilt Bak\u0131m K\u00f6p\u00fc\u011f\u00fc Hyaluronic Acid - 100 ML - ICON Care - Resmi Web Sayfas\u0131\" \/>\n<meta property=\"og:description\" content=\"&nbsp; Sodium Hyaluronate (Hyaluronic Acid): Cilt y\u00fczeyinde nem tutulumuna katk\u0131 sa\u011flar. Aloevera Ekstrakt: Cildin yenilenmesine yard\u0131mc\u0131 olur. Daha dolgun ve nemli bir cilt g\u00f6r\u00fcn\u00fcm\u00fcn\u00fc destekler. Glycerin: Cildin nem dengesinin korunmas\u0131na yard\u0131mc\u0131 olur, kurulu\u011fu azaltmaya katk\u0131 sa\u011flar.\" \/>\n<meta property=\"og:url\" content=\"https:\/\/iconcare.com.tr\/index.php\/urun\/icon-care-cilt-bakim-kopugu-hyaluronic-acid-100-ml\/\" \/>\n<meta property=\"og:site_name\" content=\"ICON Care - Resmi Web Sayfas\u0131\" \/>\n<meta property=\"article:modified_time\" content=\"2025-12-09T16:51:18+00:00\" \/>\n<meta property=\"og:image\" content=\"https:\/\/iconcare.com.tr\/wp-content\/uploads\/2025\/12\/Hyaluronic_Asid_Tekli_1.jpg\" \/>\n\t<meta property=\"og:image:width\" content=\"621\" \/>\n\t<meta property=\"og:image:height\" content=\"931\" \/>\n\t<meta property=\"og:image:type\" content=\"image\/jpeg\" \/>\n<meta name=\"twitter:card\" content=\"summary_large_image\" \/>\n<meta name=\"twitter:label1\" content=\"Tahmini okuma s\u00fcresi\" \/>\n\t<meta name=\"twitter:data1\" content=\"1 dakika\" \/>\n<script type=\"application\/ld+json\" class=\"yoast-schema-graph\">{\"@context\":\"https:\/\/schema.org\",\"@graph\":[{\"@type\":\"WebPage\",\"@id\":\"https:\/\/iconcare.com.tr\/index.php\/urun\/icon-care-cilt-bakim-kopugu-hyaluronic-acid-100-ml\/\",\"url\":\"https:\/\/iconcare.com.tr\/index.php\/urun\/icon-care-cilt-bakim-kopugu-hyaluronic-acid-100-ml\/\",\"name\":\"ICON Care Cilt Bak\u0131m K\u00f6p\u00fc\u011f\u00fc Hyaluronic Acid - 100 ML - ICON Care - Resmi Web Sayfas\u0131\",\"isPartOf\":{\"@id\":\"https:\/\/iconcare.com.tr\/#website\"},\"primaryImageOfPage\":{\"@id\":\"https:\/\/iconcare.com.tr\/index.php\/urun\/icon-care-cilt-bakim-kopugu-hyaluronic-acid-100-ml\/#primaryimage\"},\"image\":{\"@id\":\"https:\/\/iconcare.com.tr\/index.php\/urun\/icon-care-cilt-bakim-kopugu-hyaluronic-acid-100-ml\/#primaryimage\"},\"thumbnailUrl\":\"https:\/\/iconcare.com.tr\/wp-content\/uploads\/2025\/12\/Hyaluronic_Asid_Tekli_1.jpg\",\"datePublished\":\"2025-12-09T16:50:51+00:00\",\"dateModified\":\"2025-12-09T16:51:18+00:00\",\"breadcrumb\":{\"@id\":\"https:\/\/iconcare.com.tr\/index.php\/urun\/icon-care-cilt-bakim-kopugu-hyaluronic-acid-100-ml\/#breadcrumb\"},\"inLanguage\":\"tr\",\"potentialAction\":[{\"@type\":\"ReadAction\",\"target\":[\"https:\/\/iconcare.com.tr\/index.php\/urun\/icon-care-cilt-bakim-kopugu-hyaluronic-acid-100-ml\/\"]}]},{\"@type\":\"ImageObject\",\"inLanguage\":\"tr\",\"@id\":\"https:\/\/iconcare.com.tr\/index.php\/urun\/icon-care-cilt-bakim-kopugu-hyaluronic-acid-100-ml\/#primaryimage\",\"url\":\"https:\/\/iconcare.com.tr\/wp-content\/uploads\/2025\/12\/Hyaluronic_Asid_Tekli_1.jpg\",\"contentUrl\":\"https:\/\/iconcare.com.tr\/wp-content\/uploads\/2025\/12\/Hyaluronic_Asid_Tekli_1.jpg\",\"width\":621,\"height\":931},{\"@type\":\"BreadcrumbList\",\"@id\":\"https:\/\/iconcare.com.tr\/index.php\/urun\/icon-care-cilt-bakim-kopugu-hyaluronic-acid-100-ml\/#breadcrumb\",\"itemListElement\":[{\"@type\":\"ListItem\",\"position\":1,\"name\":\"Anasayfa\",\"item\":\"https:\/\/iconcare.com.tr\/\"},{\"@type\":\"ListItem\",\"position\":2,\"name\":\"\u00dcr\u00fcnler\",\"item\":\"https:\/\/iconcare.com.tr\/index.php\/shop__trashed\/\"},{\"@type\":\"ListItem\",\"position\":3,\"name\":\"ICON Care Cilt Bak\u0131m K\u00f6p\u00fc\u011f\u00fc Hyaluronic Acid &#8211; 100 ML\"}]},{\"@type\":\"WebSite\",\"@id\":\"https:\/\/iconcare.com.tr\/#website\",\"url\":\"https:\/\/iconcare.com.tr\/\",\"name\":\"ICON Care - Resmi Web Sayfas\u0131\",\"description\":\"\",\"potentialAction\":[{\"@type\":\"SearchAction\",\"target\":{\"@type\":\"EntryPoint\",\"urlTemplate\":\"https:\/\/iconcare.com.tr\/?s={search_term_string}\"},\"query-input\":{\"@type\":\"PropertyValueSpecification\",\"valueRequired\":true,\"valueName\":\"search_term_string\"}}],\"inLanguage\":\"tr\"}]}<\/script>\n<!-- \/ Yoast SEO plugin. -->","yoast_head_json":{"title":"ICON Care Cilt Bak\u0131m K\u00f6p\u00fc\u011f\u00fc Hyaluronic Acid - 100 ML - ICON Care - Resmi Web Sayfas\u0131","robots":{"index":"index","follow":"follow","max-snippet":"max-snippet:-1","max-image-preview":"max-image-preview:large","max-video-preview":"max-video-preview:-1"},"canonical":"https:\/\/iconcare.com.tr\/index.php\/urun\/icon-care-cilt-bakim-kopugu-hyaluronic-acid-100-ml\/","og_locale":"tr_TR","og_type":"article","og_title":"ICON Care Cilt Bak\u0131m K\u00f6p\u00fc\u011f\u00fc Hyaluronic Acid - 100 ML - ICON Care - Resmi Web Sayfas\u0131","og_description":"&nbsp; Sodium Hyaluronate (Hyaluronic Acid): Cilt y\u00fczeyinde nem tutulumuna katk\u0131 sa\u011flar. Aloevera Ekstrakt: Cildin yenilenmesine yard\u0131mc\u0131 olur. Daha dolgun ve nemli bir cilt g\u00f6r\u00fcn\u00fcm\u00fcn\u00fc destekler. Glycerin: Cildin nem dengesinin korunmas\u0131na yard\u0131mc\u0131 olur, kurulu\u011fu azaltmaya katk\u0131 sa\u011flar.","og_url":"https:\/\/iconcare.com.tr\/index.php\/urun\/icon-care-cilt-bakim-kopugu-hyaluronic-acid-100-ml\/","og_site_name":"ICON Care - Resmi Web Sayfas\u0131","article_modified_time":"2025-12-09T16:51:18+00:00","og_image":[{"width":621,"height":931,"url":"https:\/\/iconcare.com.tr\/wp-content\/uploads\/2025\/12\/Hyaluronic_Asid_Tekli_1.jpg","type":"image\/jpeg"}],"twitter_card":"summary_large_image","twitter_misc":{"Tahmini okuma s\u00fcresi":"1 dakika"},"schema":{"@context":"https:\/\/schema.org","@graph":[{"@type":"WebPage","@id":"https:\/\/iconcare.com.tr\/index.php\/urun\/icon-care-cilt-bakim-kopugu-hyaluronic-acid-100-ml\/","url":"https:\/\/iconcare.com.tr\/index.php\/urun\/icon-care-cilt-bakim-kopugu-hyaluronic-acid-100-ml\/","name":"ICON Care Cilt Bak\u0131m K\u00f6p\u00fc\u011f\u00fc Hyaluronic Acid - 100 ML - ICON Care - Resmi Web Sayfas\u0131","isPartOf":{"@id":"https:\/\/iconcare.com.tr\/#website"},"primaryImageOfPage":{"@id":"https:\/\/iconcare.com.tr\/index.php\/urun\/icon-care-cilt-bakim-kopugu-hyaluronic-acid-100-ml\/#primaryimage"},"image":{"@id":"https:\/\/iconcare.com.tr\/index.php\/urun\/icon-care-cilt-bakim-kopugu-hyaluronic-acid-100-ml\/#primaryimage"},"thumbnailUrl":"https:\/\/iconcare.com.tr\/wp-content\/uploads\/2025\/12\/Hyaluronic_Asid_Tekli_1.jpg","datePublished":"2025-12-09T16:50:51+00:00","dateModified":"2025-12-09T16:51:18+00:00","breadcrumb":{"@id":"https:\/\/iconcare.com.tr\/index.php\/urun\/icon-care-cilt-bakim-kopugu-hyaluronic-acid-100-ml\/#breadcrumb"},"inLanguage":"tr","potentialAction":[{"@type":"ReadAction","target":["https:\/\/iconcare.com.tr\/index.php\/urun\/icon-care-cilt-bakim-kopugu-hyaluronic-acid-100-ml\/"]}]},{"@type":"ImageObject","inLanguage":"tr","@id":"https:\/\/iconcare.com.tr\/index.php\/urun\/icon-care-cilt-bakim-kopugu-hyaluronic-acid-100-ml\/#primaryimage","url":"https:\/\/iconcare.com.tr\/wp-content\/uploads\/2025\/12\/Hyaluronic_Asid_Tekli_1.jpg","contentUrl":"https:\/\/iconcare.com.tr\/wp-content\/uploads\/2025\/12\/Hyaluronic_Asid_Tekli_1.jpg","width":621,"height":931},{"@type":"BreadcrumbList","@id":"https:\/\/iconcare.com.tr\/index.php\/urun\/icon-care-cilt-bakim-kopugu-hyaluronic-acid-100-ml\/#breadcrumb","itemListElement":[{"@type":"ListItem","position":1,"name":"Anasayfa","item":"https:\/\/iconcare.com.tr\/"},{"@type":"ListItem","position":2,"name":"\u00dcr\u00fcnler","item":"https:\/\/iconcare.com.tr\/index.php\/shop__trashed\/"},{"@type":"ListItem","position":3,"name":"ICON Care Cilt Bak\u0131m K\u00f6p\u00fc\u011f\u00fc Hyaluronic Acid &#8211; 100 ML"}]},{"@type":"WebSite","@id":"https:\/\/iconcare.com.tr\/#website","url":"https:\/\/iconcare.com.tr\/","name":"ICON Care - Resmi Web Sayfas\u0131","description":"","potentialAction":[{"@type":"SearchAction","target":{"@type":"EntryPoint","urlTemplate":"https:\/\/iconcare.com.tr\/?s={search_term_string}"},"query-input":{"@type":"PropertyValueSpecification","valueRequired":true,"valueName":"search_term_string"}}],"inLanguage":"tr"}]}},"_links":{"self":[{"href":"https:\/\/iconcare.com.tr\/index.php\/wp-json\/wp\/v2\/product\/1859","targetHints":{"allow":["GET"]}}],"collection":[{"href":"https:\/\/iconcare.com.tr\/index.php\/wp-json\/wp\/v2\/product"}],"about":[{"href":"https:\/\/iconcare.com.tr\/index.php\/wp-json\/wp\/v2\/types\/product"}],"replies":[{"embeddable":true,"href":"https:\/\/iconcare.com.tr\/index.php\/wp-json\/wp\/v2\/comments?post=1859"}],"wp:featuredmedia":[{"embeddable":true,"href":"https:\/\/iconcare.com.tr\/index.php\/wp-json\/wp\/v2\/media\/1853"}],"wp:attachment":[{"href":"https:\/\/iconcare.com.tr\/index.php\/wp-json\/wp\/v2\/media?parent=1859"}],"wp:term":[{"taxonomy":"product_cat","embeddable":true,"href":"https:\/\/iconcare.com.tr\/index.php\/wp-json\/wp\/v2\/product_cat?post=1859"},{"taxonomy":"product_tag","embeddable":true,"href":"https:\/\/iconcare.com.tr\/index.php\/wp-json\/wp\/v2\/product_tag?post=1859"}],"curies":[{"name":"wp","href":"https:\/\/api.w.org\/{rel}","templated":true}]}}