{"id":1294,"date":"2024-10-24T11:30:48","date_gmt":"2024-10-24T08:30:48","guid":{"rendered":"https:\/\/iconcare.com.tr\/?post_type=product&#038;p=1294"},"modified":"2026-03-07T10:27:00","modified_gmt":"2026-03-07T07:27:00","slug":"icon-care-genital-bolge-temizleme-kopugu","status":"publish","type":"product","link":"https:\/\/iconcare.com.tr\/index.php\/urun\/icon-care-genital-bolge-temizleme-kopugu\/","title":{"rendered":"ICON Care Genital B\u00f6lge Temizleme K\u00f6p\u00fc\u011f\u00fc"},"content":{"rendered":"","protected":false},"excerpt":{"rendered":"<p><img fetchpriority=\"high\" decoding=\"async\" class=\"alignnone size-full wp-image-1058\" src=\"https:\/\/iconcare.com.tr\/wp-content\/uploads\/2024\/10\/Nazikc\u0327e-masaj-yaparak-uygulayin.-Ilik-su-ile-durulayin.png\" alt=\"\" width=\"800\" height=\"250\" \/><\/p>\n<p>    <\/span><br \/>\n<\/a><\/p>\n<div class=\"wp-block-buttons\"><span class=\"OYPEnA font-feature-liga-off font-feature-clig-off font-feature-calt-off text-decoration-none text-strikethrough-none\"><strong>Iconcare Intim Temizleme K\u00f6p\u00fc\u011f\u00fc Niaouli Ya\u011f\u0131 &#038; Lavanta 200 ml<br \/>\nA\u00e7\u0131klama:<\/strong><br \/>\nIcon Care D\u0131\u015f Genital B\u00f6lge Temizleme K\u00f6p\u00fc\u011f\u00fc, hassas b\u00f6lgenin g\u00fcnl\u00fck bak\u0131m\u0131na uygun olarak form\u00fcle edilmi\u015ftir. Niaouli ya\u011f\u0131 ve lavanta i\u00e7eren yap\u0131s\u0131 ferah bir kullan\u0131m sunar.<br \/>\nHassas d\u0131\u015f genital b\u00f6lge i\u00e7in \u00f6zel geli\u015ftirilmi\u015f nazik temizlik ve bak\u0131m k\u00f6p\u00fc\u011f\u00fc.<br \/>\nG\u00f6z ile temas\u0131ndan ka\u00e7\u0131n\u0131n\u0131z. Tahri\u015f durumunda kullan\u0131m\u0131 b\u0131rak\u0131n\u0131z.<br \/>\n<strong>\u00dcr\u00fcn \u00d6zellikleri (\u0130\u00e7erik\/Odak):<\/strong><br \/>\nNiaouli ya\u011f\u0131, Lavanta \u00f6z\u00fc; sabun i\u00e7ermeyen form\u00fcl; hassas b\u00f6lgeye uygun; 200 ml<br \/>\n<strong>Faydalar\u0131:<\/strong><br \/>\nNazik temizlik sa\u011flar; ferah ve dengeli bir his sunar; g\u00fcnl\u00fck bak\u0131m rutinine konforlu bir ad\u0131m ekler.<br \/>\n<strong>Kullan\u0131m \u015eekli:<\/strong><br \/>\nKullanmadan \u00f6nce iyice \u00e7alkalay\u0131n. Avu\u00e7 i\u00e7ine bir miktar k\u00f6p\u00fck s\u0131k\u0131n. Haricen kullan\u0131l\u0131r. G\u00fcnl\u00fck temizlikte nazik\u00e7e uygulay\u0131n ve durulay\u0131n.<\/p>\n<p><\/span><\/div>\n<p><!-- Event snippet for Purchase Start conversion page\nIn your html page, add the snippet and call gtag_report_conversion when someone clicks on the chosen link or button. --><br \/>\n<script>\nfunction gtag_report_conversion(url) {\n  var callback = function () {\n    if (typeof(url) != 'undefined') {\n      window.location = url;\n    }\n  };\n  gtag('event', 'conversion', {\n      'send_to': 'AW-16766295953\/6tj6CN3MzJUaEJG_5bo-',\n      'event_callback': callback\n  });\n  return false;\n}\n<\/script><\/p>\n[maxbutton id=\"1\" url=\"https:\/\/www.trendyol.com\/iconcare\/icon-care-intim-genital-bolge-temizleme-kopugu-p-867246458?merchantId=1036392&#038;filterOverPriceListings=false&amp;sav=true\" text=\"TRENDYOL\" ]\n[maxbutton id=\"1\" url=\"https:\/\/www.hepsiburada.com\/icon-care-intim-genital-bolge-temizleme-kopugu-pm-HBC0000778IVM?magaza=%C4%B0CON%20Care&#038;\" text=\"HEPS\u0130BURADA\" ]\n[maxbutton id=\"1\" url=\"https:\/\/www.ikoncan.com\/icon-care-d%C4%B1%C5%9F-genital-b%C3%B6lge-temizleme-k%C3%B6p%C3%BC%C4%9F%C3%BC-200ml-21167\" text=\"IKONCAN\" ]\n<p><!-- Google tag (gtag.js) --><br \/>\n<script async src=\"https:\/\/www.googletagmanager.com\/gtag\/js?id=G-MBLKDN22D5\"><\/script><\/p>\n<p><script>\n<img decoding=\"async\" class=\"alignnone size-full wp-image-1058\" src=\"https:\/\/iconcare.com.tr\/wp-content\/uploads\/2024\/10\/Adsiz-tasarim-83.png\" alt=\"\" width=\"800\" height=\"250\" \/><\/p>\n<p>    <\/span>\n<\/a><\/p>\n<div class=\"wp-block-buttons\"><span class=\"OYPEnA font-feature-liga-off font-feature-clig-off font-feature-calt-off text-decoration-none text-strikethrough-none\">Hassas b\u00f6lgenizi nazik\u00e7e temizlemek i\u00e7in \u00f6zenle form\u00fcle edilen d\u0131\u015f genital b\u00f6lge temizleme k\u00f6p\u00fc\u011f\u00fc, do\u011fal Nioli ya\u011f\u0131n\u0131n ar\u0131nd\u0131r\u0131c\u0131 ve ferahlat\u0131c\u0131 etkisini sunar, nazik ve etkili temizlik sa\u011flar.\npH seviyesi 3.8 olan bu \u00fcr\u00fcn, cildin do\u011fal asit mantosunu koruyarak dengeler ve ferahlat\u0131c\u0131 bir temizlik deneyimi sunar.\nLavanta kokusu ile ferahl\u0131k ve tazelik hissi verir.\nAlkol, gluten ve mikroplastik i\u00e7ermeyen form\u00fcl\u00fc ile hassas ciltlere uygun olup, cildi besler ve tahri\u015fi \u00f6nler.<\/span><\/div>\n<p><!-- Event snippet for Purchase Start conversion page\nIn your html page, add the snippet and call gtag_report_conversion when someone clicks on the chosen link or button. -->\n<script>\nfunction gtag_report_conversion(url) {\n  var callback = function () {\n    if (typeof(url) != 'undefined') {\n      window.location = url;\n    }\n  };\n  gtag('event', 'conversion', {\n      'send_to': 'AW-16766295953\/6tj6CN3MzJUaEJG_5bo-',\n      'event_callback': callback\n  });\n  return false;\n}\n<\/script><\/p>\n","protected":false},"featured_media":1951,"comment_status":"closed","ping_status":"closed","template":"","meta":[],"product_cat":[15],"product_tag":[],"class_list":{"0":"post-1294","1":"product","2":"type-product","3":"status-publish","4":"has-post-thumbnail","6":"product_cat-genel","8":"first","9":"instock","10":"shipping-taxable","11":"product-type-simple"},"yoast_head":"<!-- This site is optimized with the Yoast SEO plugin v23.8 - https:\/\/yoast.com\/wordpress\/plugins\/seo\/ -->\n<title>ICON Care Genital B\u00f6lge Temizleme K\u00f6p\u00fc\u011f\u00fc - ICON Care - Resmi Web Sayfas\u0131<\/title>\n<meta name=\"robots\" content=\"index, follow, max-snippet:-1, max-image-preview:large, max-video-preview:-1\" \/>\n<link rel=\"canonical\" href=\"https:\/\/iconcare.com.tr\/index.php\/urun\/icon-care-genital-bolge-temizleme-kopugu\/\" \/>\n<meta property=\"og:locale\" content=\"tr_TR\" \/>\n<meta property=\"og:type\" content=\"article\" \/>\n<meta property=\"og:title\" content=\"ICON Care Genital B\u00f6lge Temizleme K\u00f6p\u00fc\u011f\u00fc - ICON Care - Resmi Web Sayfas\u0131\" \/>\n<meta property=\"og:description\" content=\"Iconcare Intim Temizleme K\u00f6p\u00fc\u011f\u00fc Niaouli Ya\u011f\u0131 &amp; Lavanta 200 ml A\u00e7\u0131klama: Icon Care D\u0131\u015f Genital B\u00f6lge Temizleme K\u00f6p\u00fc\u011f\u00fc, hassas b\u00f6lgenin g\u00fcnl\u00fck bak\u0131m\u0131na uygun olarak form\u00fcle edilmi\u015ftir. Niaouli ya\u011f\u0131 ve lavanta i\u00e7eren yap\u0131s\u0131 ferah bir kullan\u0131m sunar. Hassas d\u0131\u015f genital b\u00f6lge i\u00e7in \u00f6zel geli\u015ftirilmi\u015f nazik temizlik ve bak\u0131m k\u00f6p\u00fc\u011f\u00fc. G\u00f6z ile temas\u0131ndan ka\u00e7\u0131n\u0131n\u0131z. Tahri\u015f durumunda kullan\u0131m\u0131 b\u0131rak\u0131n\u0131z. \u00dcr\u00fcn \u00d6zellikleri (\u0130\u00e7erik\/Odak): Niaouli ya\u011f\u0131, Lavanta \u00f6z\u00fc; sabun i\u00e7ermeyen form\u00fcl; hassas b\u00f6lgeye uygun; 200 ml Faydalar\u0131: Nazik temizlik sa\u011flar; ferah ve dengeli bir his sunar; g\u00fcnl\u00fck bak\u0131m rutinine konforlu bir ad\u0131m ekler. Kullan\u0131m \u015eekli: Kullanmadan \u00f6nce iyice \u00e7alkalay\u0131n. Avu\u00e7 i\u00e7ine bir miktar k\u00f6p\u00fck s\u0131k\u0131n. Haricen kullan\u0131l\u0131r. G\u00fcnl\u00fck temizlikte nazik\u00e7e uygulay\u0131n ve durulay\u0131n.\" \/>\n<meta property=\"og:url\" content=\"https:\/\/iconcare.com.tr\/index.php\/urun\/icon-care-genital-bolge-temizleme-kopugu\/\" \/>\n<meta property=\"og:site_name\" content=\"ICON Care - Resmi Web Sayfas\u0131\" \/>\n<meta property=\"article:modified_time\" content=\"2026-03-07T07:27:00+00:00\" \/>\n<meta property=\"og:image\" content=\"https:\/\/iconcare.com.tr\/wp-content\/uploads\/2024\/10\/Intim_Tekli_1.png\" \/>\n\t<meta property=\"og:image:width\" content=\"621\" \/>\n\t<meta property=\"og:image:height\" content=\"931\" \/>\n\t<meta property=\"og:image:type\" content=\"image\/png\" \/>\n<meta name=\"twitter:card\" content=\"summary_large_image\" \/>\n<meta name=\"twitter:label1\" content=\"Tahmini okuma s\u00fcresi\" \/>\n\t<meta name=\"twitter:data1\" content=\"1 dakika\" \/>\n<script type=\"application\/ld+json\" class=\"yoast-schema-graph\">{\"@context\":\"https:\/\/schema.org\",\"@graph\":[{\"@type\":\"WebPage\",\"@id\":\"https:\/\/iconcare.com.tr\/index.php\/urun\/icon-care-genital-bolge-temizleme-kopugu\/\",\"url\":\"https:\/\/iconcare.com.tr\/index.php\/urun\/icon-care-genital-bolge-temizleme-kopugu\/\",\"name\":\"ICON Care Genital B\u00f6lge Temizleme K\u00f6p\u00fc\u011f\u00fc - ICON Care - Resmi Web Sayfas\u0131\",\"isPartOf\":{\"@id\":\"https:\/\/iconcare.com.tr\/#website\"},\"primaryImageOfPage\":{\"@id\":\"https:\/\/iconcare.com.tr\/index.php\/urun\/icon-care-genital-bolge-temizleme-kopugu\/#primaryimage\"},\"image\":{\"@id\":\"https:\/\/iconcare.com.tr\/index.php\/urun\/icon-care-genital-bolge-temizleme-kopugu\/#primaryimage\"},\"thumbnailUrl\":\"https:\/\/iconcare.com.tr\/wp-content\/uploads\/2024\/10\/Intim_Tekli_1.png\",\"datePublished\":\"2024-10-24T08:30:48+00:00\",\"dateModified\":\"2026-03-07T07:27:00+00:00\",\"breadcrumb\":{\"@id\":\"https:\/\/iconcare.com.tr\/index.php\/urun\/icon-care-genital-bolge-temizleme-kopugu\/#breadcrumb\"},\"inLanguage\":\"tr\",\"potentialAction\":[{\"@type\":\"ReadAction\",\"target\":[\"https:\/\/iconcare.com.tr\/index.php\/urun\/icon-care-genital-bolge-temizleme-kopugu\/\"]}]},{\"@type\":\"ImageObject\",\"inLanguage\":\"tr\",\"@id\":\"https:\/\/iconcare.com.tr\/index.php\/urun\/icon-care-genital-bolge-temizleme-kopugu\/#primaryimage\",\"url\":\"https:\/\/iconcare.com.tr\/wp-content\/uploads\/2024\/10\/Intim_Tekli_1.png\",\"contentUrl\":\"https:\/\/iconcare.com.tr\/wp-content\/uploads\/2024\/10\/Intim_Tekli_1.png\",\"width\":621,\"height\":931},{\"@type\":\"BreadcrumbList\",\"@id\":\"https:\/\/iconcare.com.tr\/index.php\/urun\/icon-care-genital-bolge-temizleme-kopugu\/#breadcrumb\",\"itemListElement\":[{\"@type\":\"ListItem\",\"position\":1,\"name\":\"Anasayfa\",\"item\":\"https:\/\/iconcare.com.tr\/\"},{\"@type\":\"ListItem\",\"position\":2,\"name\":\"\u00dcr\u00fcnler\",\"item\":\"https:\/\/iconcare.com.tr\/index.php\/shop__trashed\/\"},{\"@type\":\"ListItem\",\"position\":3,\"name\":\"ICON Care Genital B\u00f6lge Temizleme K\u00f6p\u00fc\u011f\u00fc\"}]},{\"@type\":\"WebSite\",\"@id\":\"https:\/\/iconcare.com.tr\/#website\",\"url\":\"https:\/\/iconcare.com.tr\/\",\"name\":\"ICON Care - Resmi Web Sayfas\u0131\",\"description\":\"\",\"potentialAction\":[{\"@type\":\"SearchAction\",\"target\":{\"@type\":\"EntryPoint\",\"urlTemplate\":\"https:\/\/iconcare.com.tr\/?s={search_term_string}\"},\"query-input\":{\"@type\":\"PropertyValueSpecification\",\"valueRequired\":true,\"valueName\":\"search_term_string\"}}],\"inLanguage\":\"tr\"}]}<\/script>\n<!-- \/ Yoast SEO plugin. -->","yoast_head_json":{"title":"ICON Care Genital B\u00f6lge Temizleme K\u00f6p\u00fc\u011f\u00fc - ICON Care - Resmi Web Sayfas\u0131","robots":{"index":"index","follow":"follow","max-snippet":"max-snippet:-1","max-image-preview":"max-image-preview:large","max-video-preview":"max-video-preview:-1"},"canonical":"https:\/\/iconcare.com.tr\/index.php\/urun\/icon-care-genital-bolge-temizleme-kopugu\/","og_locale":"tr_TR","og_type":"article","og_title":"ICON Care Genital B\u00f6lge Temizleme K\u00f6p\u00fc\u011f\u00fc - ICON Care - Resmi Web Sayfas\u0131","og_description":"Iconcare Intim Temizleme K\u00f6p\u00fc\u011f\u00fc Niaouli Ya\u011f\u0131 & Lavanta 200 ml A\u00e7\u0131klama: Icon Care D\u0131\u015f Genital B\u00f6lge Temizleme K\u00f6p\u00fc\u011f\u00fc, hassas b\u00f6lgenin g\u00fcnl\u00fck bak\u0131m\u0131na uygun olarak form\u00fcle edilmi\u015ftir. Niaouli ya\u011f\u0131 ve lavanta i\u00e7eren yap\u0131s\u0131 ferah bir kullan\u0131m sunar. Hassas d\u0131\u015f genital b\u00f6lge i\u00e7in \u00f6zel geli\u015ftirilmi\u015f nazik temizlik ve bak\u0131m k\u00f6p\u00fc\u011f\u00fc. G\u00f6z ile temas\u0131ndan ka\u00e7\u0131n\u0131n\u0131z. Tahri\u015f durumunda kullan\u0131m\u0131 b\u0131rak\u0131n\u0131z. \u00dcr\u00fcn \u00d6zellikleri (\u0130\u00e7erik\/Odak): Niaouli ya\u011f\u0131, Lavanta \u00f6z\u00fc; sabun i\u00e7ermeyen form\u00fcl; hassas b\u00f6lgeye uygun; 200 ml Faydalar\u0131: Nazik temizlik sa\u011flar; ferah ve dengeli bir his sunar; g\u00fcnl\u00fck bak\u0131m rutinine konforlu bir ad\u0131m ekler. Kullan\u0131m \u015eekli: Kullanmadan \u00f6nce iyice \u00e7alkalay\u0131n. Avu\u00e7 i\u00e7ine bir miktar k\u00f6p\u00fck s\u0131k\u0131n. Haricen kullan\u0131l\u0131r. G\u00fcnl\u00fck temizlikte nazik\u00e7e uygulay\u0131n ve durulay\u0131n.","og_url":"https:\/\/iconcare.com.tr\/index.php\/urun\/icon-care-genital-bolge-temizleme-kopugu\/","og_site_name":"ICON Care - Resmi Web Sayfas\u0131","article_modified_time":"2026-03-07T07:27:00+00:00","og_image":[{"width":621,"height":931,"url":"https:\/\/iconcare.com.tr\/wp-content\/uploads\/2024\/10\/Intim_Tekli_1.png","type":"image\/png"}],"twitter_card":"summary_large_image","twitter_misc":{"Tahmini okuma s\u00fcresi":"1 dakika"},"schema":{"@context":"https:\/\/schema.org","@graph":[{"@type":"WebPage","@id":"https:\/\/iconcare.com.tr\/index.php\/urun\/icon-care-genital-bolge-temizleme-kopugu\/","url":"https:\/\/iconcare.com.tr\/index.php\/urun\/icon-care-genital-bolge-temizleme-kopugu\/","name":"ICON Care Genital B\u00f6lge Temizleme K\u00f6p\u00fc\u011f\u00fc - ICON Care - Resmi Web Sayfas\u0131","isPartOf":{"@id":"https:\/\/iconcare.com.tr\/#website"},"primaryImageOfPage":{"@id":"https:\/\/iconcare.com.tr\/index.php\/urun\/icon-care-genital-bolge-temizleme-kopugu\/#primaryimage"},"image":{"@id":"https:\/\/iconcare.com.tr\/index.php\/urun\/icon-care-genital-bolge-temizleme-kopugu\/#primaryimage"},"thumbnailUrl":"https:\/\/iconcare.com.tr\/wp-content\/uploads\/2024\/10\/Intim_Tekli_1.png","datePublished":"2024-10-24T08:30:48+00:00","dateModified":"2026-03-07T07:27:00+00:00","breadcrumb":{"@id":"https:\/\/iconcare.com.tr\/index.php\/urun\/icon-care-genital-bolge-temizleme-kopugu\/#breadcrumb"},"inLanguage":"tr","potentialAction":[{"@type":"ReadAction","target":["https:\/\/iconcare.com.tr\/index.php\/urun\/icon-care-genital-bolge-temizleme-kopugu\/"]}]},{"@type":"ImageObject","inLanguage":"tr","@id":"https:\/\/iconcare.com.tr\/index.php\/urun\/icon-care-genital-bolge-temizleme-kopugu\/#primaryimage","url":"https:\/\/iconcare.com.tr\/wp-content\/uploads\/2024\/10\/Intim_Tekli_1.png","contentUrl":"https:\/\/iconcare.com.tr\/wp-content\/uploads\/2024\/10\/Intim_Tekli_1.png","width":621,"height":931},{"@type":"BreadcrumbList","@id":"https:\/\/iconcare.com.tr\/index.php\/urun\/icon-care-genital-bolge-temizleme-kopugu\/#breadcrumb","itemListElement":[{"@type":"ListItem","position":1,"name":"Anasayfa","item":"https:\/\/iconcare.com.tr\/"},{"@type":"ListItem","position":2,"name":"\u00dcr\u00fcnler","item":"https:\/\/iconcare.com.tr\/index.php\/shop__trashed\/"},{"@type":"ListItem","position":3,"name":"ICON Care Genital B\u00f6lge Temizleme K\u00f6p\u00fc\u011f\u00fc"}]},{"@type":"WebSite","@id":"https:\/\/iconcare.com.tr\/#website","url":"https:\/\/iconcare.com.tr\/","name":"ICON Care - Resmi Web Sayfas\u0131","description":"","potentialAction":[{"@type":"SearchAction","target":{"@type":"EntryPoint","urlTemplate":"https:\/\/iconcare.com.tr\/?s={search_term_string}"},"query-input":{"@type":"PropertyValueSpecification","valueRequired":true,"valueName":"search_term_string"}}],"inLanguage":"tr"}]}},"_links":{"self":[{"href":"https:\/\/iconcare.com.tr\/index.php\/wp-json\/wp\/v2\/product\/1294","targetHints":{"allow":["GET"]}}],"collection":[{"href":"https:\/\/iconcare.com.tr\/index.php\/wp-json\/wp\/v2\/product"}],"about":[{"href":"https:\/\/iconcare.com.tr\/index.php\/wp-json\/wp\/v2\/types\/product"}],"replies":[{"embeddable":true,"href":"https:\/\/iconcare.com.tr\/index.php\/wp-json\/wp\/v2\/comments?post=1294"}],"wp:featuredmedia":[{"embeddable":true,"href":"https:\/\/iconcare.com.tr\/index.php\/wp-json\/wp\/v2\/media\/1951"}],"wp:attachment":[{"href":"https:\/\/iconcare.com.tr\/index.php\/wp-json\/wp\/v2\/media?parent=1294"}],"wp:term":[{"taxonomy":"product_cat","embeddable":true,"href":"https:\/\/iconcare.com.tr\/index.php\/wp-json\/wp\/v2\/product_cat?post=1294"},{"taxonomy":"product_tag","embeddable":true,"href":"https:\/\/iconcare.com.tr\/index.php\/wp-json\/wp\/v2\/product_tag?post=1294"}],"curies":[{"name":"wp","href":"https:\/\/api.w.org\/{rel}","templated":true}]}}