{"id":1252,"date":"2024-10-24T10:11:07","date_gmt":"2024-10-24T07:11:07","guid":{"rendered":"https:\/\/iconcare.com.tr\/?post_type=product&#038;p=1252"},"modified":"2026-03-07T10:17:30","modified_gmt":"2026-03-07T07:17:30","slug":"icon-care-sac-bakim-kopugu","status":"publish","type":"product","link":"https:\/\/iconcare.com.tr\/index.php\/urun\/icon-care-sac-bakim-kopugu\/","title":{"rendered":"ICON Care Sa\u00e7 Bak\u0131m K\u00f6p\u00fc\u011f\u00fc"},"content":{"rendered":"","protected":false},"excerpt":{"rendered":"<p><img fetchpriority=\"high\" decoding=\"async\" class=\"alignnone wp-image-1253 size-full\" src=\"https:\/\/iconcare.com.tr\/wp-content\/uploads\/2024\/10\/Adsiz-tasarim-87.png\" alt=\"\" width=\"800\" height=\"250\" \/><\/p>\n<p>    <\/span><br \/>\n<\/a><\/p>\n<div class=\"wp-block-buttons\"><span class=\"OYPEnA font-feature-liga-off font-feature-clig-off font-feature-calt-off text-decoration-none text-strikethrough-none\"><strong>Iconcare Sa\u00e7 Bak\u0131m K\u00f6p\u00fc\u011f\u00fc Rosemary &#038; Mint 200 ml<br \/>\nA\u00e7\u0131klama:<\/strong><br \/>\nIcon Care Rosemary &#038; Mint Sa\u00e7 Bak\u0131m K\u00f6p\u00fc\u011f\u00fc, sa\u00e7lara ferahl\u0131k hissi kazand\u0131rmak i\u00e7in \u00f6zel olarak form\u00fcle edilmi\u015ftir. Biberiye ve nane i\u00e7eren yap\u0131s\u0131 sa\u00e7 derisine tazelik hissi verir.<\/p>\n<p>Sa\u00e7\u0131n daha canl\u0131 ve hacimli g\u00f6r\u00fcnmesini destekler.<\/p>\n<p><strong>\u00dcr\u00fcn \u00d6zellikleri (\u0130\u00e7erik\/Odak):<\/strong><br \/>\nRosemary &#038; Mint; ferahlat\u0131c\u0131 etki; hafif doku; hacim deste\u011fi; 200 ml<br \/>\n<strong>Faydalar\u0131:<\/strong><br \/>\nSa\u00e7\u0131 canland\u0131rmaya yard\u0131mc\u0131 olur; ferahl\u0131k hissi sa\u011flar; hacimli g\u00f6r\u00fcn\u00fcm\u00fc destekler.<br \/>\n<strong>Kullan\u0131m \u015eekli:<\/strong><br \/>\nKullanmadan \u00f6nce iyice \u00e7alkalay\u0131n. Avu\u00e7 i\u00e7ine bir miktar k\u00f6p\u00fck s\u0131k\u0131n. Nemli sa\u00e7a uygulay\u0131n, durulamay\u0131n.<\/p>\n<p><\/span><\/div>\n<p><!-- Event snippet for Purchase Start conversion page\nIn your html page, add the snippet and call gtag_report_conversion when someone clicks on the chosen link or button. --><br \/>\n<script>\nfunction gtag_report_conversion(url) {\n  var callback = function () {\n    if (typeof(url) != 'undefined') {\n      window.location = url;\n    }\n  };\n  gtag('event', 'conversion', {\n      'send_to': 'AW-16766295953\/6tj6CN3MzJUaEJG_5bo-',\n      'event_callback': callback\n  });\n  return false;\n}\n<\/script><\/p>\n[maxbutton id=\"1\" url=\"https:\/\/www.trendyol.com\/iconcare\/icon-care-sac-bakim-kopugu-rosemary-mint-p-867246505?merchantId=1036392&#038;filterOverPriceListings=false&amp;sav=true\" text=\"TRENDYOL\" ]\n[maxbutton id=\"1\" url=\"https:\/\/www.hepsiburada.com\/icon-care-sac-bakim-kopugu-rosemary-mint-pm-HBC000075VLX5?magaza=%C4%B0CON%20Care\" text=\"HEPS\u0130BURADA\" ]\n[maxbutton id=\"1\" url=\"https:\/\/www.ikoncan.com\/icon-care-sa%C3%A7-bak%C4%B1m-k%C3%B6p%C3%BC%C4%9F%C3%BC-200-ml-rosemarymint-21158\" text=\"IKONCAN\" ]\n<p><!-- Google tag (gtag.js) --><br \/>\n<script async src=\"https:\/\/www.googletagmanager.com\/gtag\/js?id=G-MBLKDN22D5\"><\/script><\/p>\n<p><script>\n<img fetchpriority=\"high\" decoding=\"async\" class=\"alignnone wp-image-1253 size-full\" src=\"https:\/\/iconcare.com.tr\/wp-content\/uploads\/2024\/10\/Adsiz-tasarim-87.png\" alt=\"\" width=\"800\" height=\"250\" \/><\/p>\n<p>    <\/span>\n<\/a><\/p>\n<div class=\"wp-block-buttons\"><span class=\"OYPEnA font-feature-liga-off font-feature-clig-off font-feature-calt-off text-decoration-none text-strikethrough-none\">\u0130\u00e7eri\u011findeki Biberiye ve Nane<\/span><span class=\"OYPEnA font-feature-liga-off font-feature-clig-off font-feature-calt-off text-decoration-none text-strikethrough-none\"> ekstraktlar\u0131 sayesinde sa\u00e7\u0131 nemlendirirken; d\u00fczle\u015ftirici, ma\u015fa ve f\u00f6n makinesinden kaynaklanan y\u00fcksek \u0131s\u0131ya ve g\u00fcne\u015f \u0131\u015f\u0131\u011f\u0131n\u0131n zararl\u0131 etkilerine kar\u015f\u0131 sa\u00e7\u0131n\u0131z\u0131 korur. Sa\u00e7lar\u0131n sa\u011fl\u0131kl\u0131 ve g\u00fc\u00e7l\u00fc uzamas\u0131na yard\u0131mc\u0131 olur. Alkol, gluten, mikroplastik i\u00e7ermeyen form\u00fcl\u00fc ile sa\u00e7 ve sa\u00e7 derisini tahri\u015f etmez, do\u011fal i\u00e7eriklerle g\u00fcvenli bak\u0131m sa\u011flar.<\/span><\/div>\n<p><!-- Event snippet for Purchase Start conversion page\nIn your html page, add the snippet and call gtag_report_conversion when someone clicks on the chosen link or button. -->\n<script>\nfunction gtag_report_conversion(url) {\n  var callback = function () {\n    if (typeof(url) != 'undefined') {\n      window.location = url;\n    }\n  };\n  gtag('event', 'conversion', {\n      'send_to': 'AW-16766295953\/6tj6CN3MzJUaEJG_5bo-',\n      'event_callback': callback\n  });\n  return false;\n}\n<\/script><\/p>\n","protected":false},"featured_media":1922,"comment_status":"closed","ping_status":"closed","template":"","meta":[],"product_cat":[15],"product_tag":[],"class_list":{"0":"post-1252","1":"product","2":"type-product","3":"status-publish","4":"has-post-thumbnail","6":"product_cat-genel","8":"first","9":"instock","10":"shipping-taxable","11":"product-type-simple"},"yoast_head":"<!-- This site is optimized with the Yoast SEO plugin v23.8 - https:\/\/yoast.com\/wordpress\/plugins\/seo\/ -->\n<title>ICON Care Sa\u00e7 Bak\u0131m K\u00f6p\u00fc\u011f\u00fc - ICON Care - Resmi Web Sayfas\u0131<\/title>\n<meta name=\"robots\" content=\"index, follow, max-snippet:-1, max-image-preview:large, max-video-preview:-1\" \/>\n<link rel=\"canonical\" href=\"https:\/\/iconcare.com.tr\/index.php\/urun\/icon-care-sac-bakim-kopugu\/\" \/>\n<meta property=\"og:locale\" content=\"tr_TR\" \/>\n<meta property=\"og:type\" content=\"article\" \/>\n<meta property=\"og:title\" content=\"ICON Care Sa\u00e7 Bak\u0131m K\u00f6p\u00fc\u011f\u00fc - ICON Care - Resmi Web Sayfas\u0131\" \/>\n<meta property=\"og:description\" content=\"Iconcare Sa\u00e7 Bak\u0131m K\u00f6p\u00fc\u011f\u00fc Rosemary &amp; Mint 200 ml A\u00e7\u0131klama: Icon Care Rosemary &amp; Mint Sa\u00e7 Bak\u0131m K\u00f6p\u00fc\u011f\u00fc, sa\u00e7lara ferahl\u0131k hissi kazand\u0131rmak i\u00e7in \u00f6zel olarak form\u00fcle edilmi\u015ftir. Biberiye ve nane i\u00e7eren yap\u0131s\u0131 sa\u00e7 derisine tazelik hissi verir.  Sa\u00e7\u0131n daha canl\u0131 ve hacimli g\u00f6r\u00fcnmesini destekler.  \u00dcr\u00fcn \u00d6zellikleri (\u0130\u00e7erik\/Odak): Rosemary &amp; Mint; ferahlat\u0131c\u0131 etki; hafif doku; hacim deste\u011fi; 200 ml Faydalar\u0131: Sa\u00e7\u0131 canland\u0131rmaya yard\u0131mc\u0131 olur; ferahl\u0131k hissi sa\u011flar; hacimli g\u00f6r\u00fcn\u00fcm\u00fc destekler. Kullan\u0131m \u015eekli: Kullanmadan \u00f6nce iyice \u00e7alkalay\u0131n. Avu\u00e7 i\u00e7ine bir miktar k\u00f6p\u00fck s\u0131k\u0131n. Nemli sa\u00e7a uygulay\u0131n, durulamay\u0131n.\" \/>\n<meta property=\"og:url\" content=\"https:\/\/iconcare.com.tr\/index.php\/urun\/icon-care-sac-bakim-kopugu\/\" \/>\n<meta property=\"og:site_name\" content=\"ICON Care - Resmi Web Sayfas\u0131\" \/>\n<meta property=\"article:modified_time\" content=\"2026-03-07T07:17:30+00:00\" \/>\n<meta property=\"og:image\" content=\"https:\/\/iconcare.com.tr\/wp-content\/uploads\/2024\/10\/Biberiye_Tekli_1.png\" \/>\n\t<meta property=\"og:image:width\" content=\"621\" \/>\n\t<meta property=\"og:image:height\" content=\"931\" \/>\n\t<meta property=\"og:image:type\" content=\"image\/png\" \/>\n<meta name=\"twitter:card\" content=\"summary_large_image\" \/>\n<meta name=\"twitter:label1\" content=\"Tahmini okuma s\u00fcresi\" \/>\n\t<meta name=\"twitter:data1\" content=\"1 dakika\" \/>\n<script type=\"application\/ld+json\" class=\"yoast-schema-graph\">{\"@context\":\"https:\/\/schema.org\",\"@graph\":[{\"@type\":\"WebPage\",\"@id\":\"https:\/\/iconcare.com.tr\/index.php\/urun\/icon-care-sac-bakim-kopugu\/\",\"url\":\"https:\/\/iconcare.com.tr\/index.php\/urun\/icon-care-sac-bakim-kopugu\/\",\"name\":\"ICON Care Sa\u00e7 Bak\u0131m K\u00f6p\u00fc\u011f\u00fc - ICON Care - Resmi Web Sayfas\u0131\",\"isPartOf\":{\"@id\":\"https:\/\/iconcare.com.tr\/#website\"},\"primaryImageOfPage\":{\"@id\":\"https:\/\/iconcare.com.tr\/index.php\/urun\/icon-care-sac-bakim-kopugu\/#primaryimage\"},\"image\":{\"@id\":\"https:\/\/iconcare.com.tr\/index.php\/urun\/icon-care-sac-bakim-kopugu\/#primaryimage\"},\"thumbnailUrl\":\"https:\/\/iconcare.com.tr\/wp-content\/uploads\/2024\/10\/Biberiye_Tekli_1.png\",\"datePublished\":\"2024-10-24T07:11:07+00:00\",\"dateModified\":\"2026-03-07T07:17:30+00:00\",\"breadcrumb\":{\"@id\":\"https:\/\/iconcare.com.tr\/index.php\/urun\/icon-care-sac-bakim-kopugu\/#breadcrumb\"},\"inLanguage\":\"tr\",\"potentialAction\":[{\"@type\":\"ReadAction\",\"target\":[\"https:\/\/iconcare.com.tr\/index.php\/urun\/icon-care-sac-bakim-kopugu\/\"]}]},{\"@type\":\"ImageObject\",\"inLanguage\":\"tr\",\"@id\":\"https:\/\/iconcare.com.tr\/index.php\/urun\/icon-care-sac-bakim-kopugu\/#primaryimage\",\"url\":\"https:\/\/iconcare.com.tr\/wp-content\/uploads\/2024\/10\/Biberiye_Tekli_1.png\",\"contentUrl\":\"https:\/\/iconcare.com.tr\/wp-content\/uploads\/2024\/10\/Biberiye_Tekli_1.png\",\"width\":621,\"height\":931},{\"@type\":\"BreadcrumbList\",\"@id\":\"https:\/\/iconcare.com.tr\/index.php\/urun\/icon-care-sac-bakim-kopugu\/#breadcrumb\",\"itemListElement\":[{\"@type\":\"ListItem\",\"position\":1,\"name\":\"Anasayfa\",\"item\":\"https:\/\/iconcare.com.tr\/\"},{\"@type\":\"ListItem\",\"position\":2,\"name\":\"\u00dcr\u00fcnler\",\"item\":\"https:\/\/iconcare.com.tr\/index.php\/shop__trashed\/\"},{\"@type\":\"ListItem\",\"position\":3,\"name\":\"ICON Care Sa\u00e7 Bak\u0131m K\u00f6p\u00fc\u011f\u00fc\"}]},{\"@type\":\"WebSite\",\"@id\":\"https:\/\/iconcare.com.tr\/#website\",\"url\":\"https:\/\/iconcare.com.tr\/\",\"name\":\"ICON Care - Resmi Web Sayfas\u0131\",\"description\":\"\",\"potentialAction\":[{\"@type\":\"SearchAction\",\"target\":{\"@type\":\"EntryPoint\",\"urlTemplate\":\"https:\/\/iconcare.com.tr\/?s={search_term_string}\"},\"query-input\":{\"@type\":\"PropertyValueSpecification\",\"valueRequired\":true,\"valueName\":\"search_term_string\"}}],\"inLanguage\":\"tr\"}]}<\/script>\n<!-- \/ Yoast SEO plugin. -->","yoast_head_json":{"title":"ICON Care Sa\u00e7 Bak\u0131m K\u00f6p\u00fc\u011f\u00fc - ICON Care - Resmi Web Sayfas\u0131","robots":{"index":"index","follow":"follow","max-snippet":"max-snippet:-1","max-image-preview":"max-image-preview:large","max-video-preview":"max-video-preview:-1"},"canonical":"https:\/\/iconcare.com.tr\/index.php\/urun\/icon-care-sac-bakim-kopugu\/","og_locale":"tr_TR","og_type":"article","og_title":"ICON Care Sa\u00e7 Bak\u0131m K\u00f6p\u00fc\u011f\u00fc - ICON Care - Resmi Web Sayfas\u0131","og_description":"Iconcare Sa\u00e7 Bak\u0131m K\u00f6p\u00fc\u011f\u00fc Rosemary & Mint 200 ml A\u00e7\u0131klama: Icon Care Rosemary & Mint Sa\u00e7 Bak\u0131m K\u00f6p\u00fc\u011f\u00fc, sa\u00e7lara ferahl\u0131k hissi kazand\u0131rmak i\u00e7in \u00f6zel olarak form\u00fcle edilmi\u015ftir. Biberiye ve nane i\u00e7eren yap\u0131s\u0131 sa\u00e7 derisine tazelik hissi verir.  Sa\u00e7\u0131n daha canl\u0131 ve hacimli g\u00f6r\u00fcnmesini destekler.  \u00dcr\u00fcn \u00d6zellikleri (\u0130\u00e7erik\/Odak): Rosemary & Mint; ferahlat\u0131c\u0131 etki; hafif doku; hacim deste\u011fi; 200 ml Faydalar\u0131: Sa\u00e7\u0131 canland\u0131rmaya yard\u0131mc\u0131 olur; ferahl\u0131k hissi sa\u011flar; hacimli g\u00f6r\u00fcn\u00fcm\u00fc destekler. Kullan\u0131m \u015eekli: Kullanmadan \u00f6nce iyice \u00e7alkalay\u0131n. Avu\u00e7 i\u00e7ine bir miktar k\u00f6p\u00fck s\u0131k\u0131n. Nemli sa\u00e7a uygulay\u0131n, durulamay\u0131n.","og_url":"https:\/\/iconcare.com.tr\/index.php\/urun\/icon-care-sac-bakim-kopugu\/","og_site_name":"ICON Care - Resmi Web Sayfas\u0131","article_modified_time":"2026-03-07T07:17:30+00:00","og_image":[{"width":621,"height":931,"url":"https:\/\/iconcare.com.tr\/wp-content\/uploads\/2024\/10\/Biberiye_Tekli_1.png","type":"image\/png"}],"twitter_card":"summary_large_image","twitter_misc":{"Tahmini okuma s\u00fcresi":"1 dakika"},"schema":{"@context":"https:\/\/schema.org","@graph":[{"@type":"WebPage","@id":"https:\/\/iconcare.com.tr\/index.php\/urun\/icon-care-sac-bakim-kopugu\/","url":"https:\/\/iconcare.com.tr\/index.php\/urun\/icon-care-sac-bakim-kopugu\/","name":"ICON Care Sa\u00e7 Bak\u0131m K\u00f6p\u00fc\u011f\u00fc - ICON Care - Resmi Web Sayfas\u0131","isPartOf":{"@id":"https:\/\/iconcare.com.tr\/#website"},"primaryImageOfPage":{"@id":"https:\/\/iconcare.com.tr\/index.php\/urun\/icon-care-sac-bakim-kopugu\/#primaryimage"},"image":{"@id":"https:\/\/iconcare.com.tr\/index.php\/urun\/icon-care-sac-bakim-kopugu\/#primaryimage"},"thumbnailUrl":"https:\/\/iconcare.com.tr\/wp-content\/uploads\/2024\/10\/Biberiye_Tekli_1.png","datePublished":"2024-10-24T07:11:07+00:00","dateModified":"2026-03-07T07:17:30+00:00","breadcrumb":{"@id":"https:\/\/iconcare.com.tr\/index.php\/urun\/icon-care-sac-bakim-kopugu\/#breadcrumb"},"inLanguage":"tr","potentialAction":[{"@type":"ReadAction","target":["https:\/\/iconcare.com.tr\/index.php\/urun\/icon-care-sac-bakim-kopugu\/"]}]},{"@type":"ImageObject","inLanguage":"tr","@id":"https:\/\/iconcare.com.tr\/index.php\/urun\/icon-care-sac-bakim-kopugu\/#primaryimage","url":"https:\/\/iconcare.com.tr\/wp-content\/uploads\/2024\/10\/Biberiye_Tekli_1.png","contentUrl":"https:\/\/iconcare.com.tr\/wp-content\/uploads\/2024\/10\/Biberiye_Tekli_1.png","width":621,"height":931},{"@type":"BreadcrumbList","@id":"https:\/\/iconcare.com.tr\/index.php\/urun\/icon-care-sac-bakim-kopugu\/#breadcrumb","itemListElement":[{"@type":"ListItem","position":1,"name":"Anasayfa","item":"https:\/\/iconcare.com.tr\/"},{"@type":"ListItem","position":2,"name":"\u00dcr\u00fcnler","item":"https:\/\/iconcare.com.tr\/index.php\/shop__trashed\/"},{"@type":"ListItem","position":3,"name":"ICON Care Sa\u00e7 Bak\u0131m K\u00f6p\u00fc\u011f\u00fc"}]},{"@type":"WebSite","@id":"https:\/\/iconcare.com.tr\/#website","url":"https:\/\/iconcare.com.tr\/","name":"ICON Care - Resmi Web Sayfas\u0131","description":"","potentialAction":[{"@type":"SearchAction","target":{"@type":"EntryPoint","urlTemplate":"https:\/\/iconcare.com.tr\/?s={search_term_string}"},"query-input":{"@type":"PropertyValueSpecification","valueRequired":true,"valueName":"search_term_string"}}],"inLanguage":"tr"}]}},"_links":{"self":[{"href":"https:\/\/iconcare.com.tr\/index.php\/wp-json\/wp\/v2\/product\/1252","targetHints":{"allow":["GET"]}}],"collection":[{"href":"https:\/\/iconcare.com.tr\/index.php\/wp-json\/wp\/v2\/product"}],"about":[{"href":"https:\/\/iconcare.com.tr\/index.php\/wp-json\/wp\/v2\/types\/product"}],"replies":[{"embeddable":true,"href":"https:\/\/iconcare.com.tr\/index.php\/wp-json\/wp\/v2\/comments?post=1252"}],"wp:featuredmedia":[{"embeddable":true,"href":"https:\/\/iconcare.com.tr\/index.php\/wp-json\/wp\/v2\/media\/1922"}],"wp:attachment":[{"href":"https:\/\/iconcare.com.tr\/index.php\/wp-json\/wp\/v2\/media?parent=1252"}],"wp:term":[{"taxonomy":"product_cat","embeddable":true,"href":"https:\/\/iconcare.com.tr\/index.php\/wp-json\/wp\/v2\/product_cat?post=1252"},{"taxonomy":"product_tag","embeddable":true,"href":"https:\/\/iconcare.com.tr\/index.php\/wp-json\/wp\/v2\/product_tag?post=1252"}],"curies":[{"name":"wp","href":"https:\/\/api.w.org\/{rel}","templated":true}]}}