{"id":1056,"date":"2024-10-18T10:37:54","date_gmt":"2024-10-18T07:37:54","guid":{"rendered":"https:\/\/iconcare.com.tr\/?post_type=product&#038;p=1056"},"modified":"2026-03-07T10:28:16","modified_gmt":"2026-03-07T07:28:16","slug":"icon-care-cilt-bakim-kopugu-blueberry-milkshake","status":"publish","type":"product","link":"https:\/\/iconcare.com.tr\/index.php\/urun\/icon-care-cilt-bakim-kopugu-blueberry-milkshake\/","title":{"rendered":"ICON Care Cilt Bak\u0131m K\u00f6p\u00fc\u011f\u00fc"},"content":{"rendered":"","protected":false},"excerpt":{"rendered":"<p><img fetchpriority=\"high\" decoding=\"async\" class=\"alignnone size-full wp-image-1058\" src=\"https:\/\/iconcare.com.tr\/wp-content\/uploads\/2024\/10\/Adsiz-tasarim-83.png\" alt=\"\" width=\"800\" height=\"250\" \/><\/p>\n<p>    <\/span><br \/>\n<\/a><\/p>\n<div class=\"wp-block-buttons\"><span class=\"OYPEnA font-feature-liga-off font-feature-clig-off font-feature-calt-off text-decoration-none text-strikethrough-none\"><strong>Iconcare Blueberry Milkshake Cilt Bak\u0131m K\u00f6p\u00fc\u011f\u00fc 200 ml<br \/>\nA\u00e7\u0131klama:<\/strong><br \/>\nIcon Care Blueberry Milkshake Cilt Bak\u0131m K\u00f6p\u00fc\u011f\u00fc, kremsi meyve notalar\u0131yla g\u00fcnl\u00fck bak\u0131m rutinine konforlu bir dokunu\u015f ekler. Hafif k\u00f6p\u00fck yap\u0131s\u0131 cilt \u00fczerinde rahat bir kullan\u0131m sa\u011flar.<br \/>\nCildin daha dengeli, p\u00fcr\u00fczs\u00fcz ve bak\u0131ml\u0131 g\u00f6r\u00fcnmesine yard\u0131mc\u0131 olur. Antioksidan bak\u0131m hissi verir.<br \/>\nPanthenol i\u00e7eren form\u00fcl\u00fcyle cildin nem seviyesini destekleyen ve yumu\u015fakl\u0131k kazand\u0131rmaya yard\u0131mc\u0131 bak\u0131m k\u00f6p\u00fc\u011f\u00fc.<br \/>\n<strong><br \/>\n\u00dcr\u00fcn \u00d6zellikleri (\u0130\u00e7erik\/Odak):<\/strong><br \/>\nAktif i\u00e7erikler: Panthenol (Pro\u2011Vitamin B5); hafif k\u00f6p\u00fck yap\u0131; g\u00fcnl\u00fck kullan\u0131ma uygun; 200 ml<br \/>\n<strong>Faydalar\u0131:<\/strong><br \/>\nCildin nem dengesini destekler; daha yumu\u015fak ve bak\u0131ml\u0131 g\u00f6r\u00fcn\u00fcm sa\u011flar; d\u00fczenli kullan\u0131mda cilt konforunu art\u0131rmaya yard\u0131mc\u0131 olur.<br \/>\n<strong>Kullan\u0131m \u015eekli:<\/strong><br \/>\nKullanmadan \u00f6nce iyice \u00e7alkalay\u0131n. Avu\u00e7 i\u00e7ine bir miktar k\u00f6p\u00fck s\u0131k\u0131n. Temiz ve kuru cilde nazik\u00e7e masaj yaparak uygulay\u0131n. G\u00fcnl\u00fck kullan\u0131m i\u00e7in uygundur; \u00f6zellikle banyo sonras\u0131 kullan\u0131m \u00f6nerilir.<\/p>\n<p><\/span><\/div>\n<p><!-- Event snippet for Purchase Start conversion page\nIn your html page, add the snippet and call gtag_report_conversion when someone clicks on the chosen link or button. --><br \/>\n<script>\nfunction gtag_report_conversion(url) {\n  var callback = function () {\n    if (typeof(url) != 'undefined') {\n      window.location = url;\n    }\n  };\n  gtag('event', 'conversion', {\n      'send_to': 'AW-16766295953\/6tj6CN3MzJUaEJG_5bo-',\n      'event_callback': callback\n  });\n  return false;\n}\n<\/script><\/p>\n[maxbutton id=\"1\" url=\"https:\/\/www.trendyol.com\/iconcare\/icon-care-cilt-bakim-kopugu-blueberry-milkshake-p-867246705?merchantId=1036392&#038;filterOverPriceListings=false&amp;sav=true\" text=\"TRENDYOL\" ]\n[maxbutton id=\"1\" url=\"https:\/\/www.hepsiburada.com\/icon-cilt-bakim-kopugu-blueberry-milkshake-pm-HBC000075RJSW?magaza=%C4%B0CON%20Care\" text=\"HEPS\u0130BURADA\" ]\n[maxbutton id=\"1\" url=\"https:\/\/www.ikoncan.com\/icon-care-cilt-bak%C4%B1m-k%C3%B6p%C3%BC%C4%9F%C3%BC-200ml-blueberry-21162\" text=\"IKONCAN\" ]\n<p><!-- Google tag (gtag.js) --><br \/>\n<script async src=\"https:\/\/www.googletagmanager.com\/gtag\/js?id=G-MBLKDN22D5\"><\/script><\/p>\n<p><script>\n<img fetchpriority=\"high\" decoding=\"async\" class=\"alignnone size-full wp-image-1058\" src=\"https:\/\/iconcare.com.tr\/wp-content\/uploads\/2024\/10\/Adsiz-tasarim-83.png\" alt=\"\" width=\"800\" height=\"250\" \/><\/p>\n<p>    <\/span>\n<\/a><\/p>\n<div class=\"wp-block-buttons\"><span class=\"OYPEnA font-feature-liga-off font-feature-clig-off font-feature-calt-off text-decoration-none text-strikethrough-none\">Panthenol (provitamin B5) ile zenginle\u015ftirilmi\u015f form\u00fcl\u00fc, cildin canland\u0131r\u0131lmas\u0131na ve tazelenmesine yard\u0131mc\u0131 olur. Panthenol, cildi besleyerek derinlemesine nemlendirme sa\u011flar ve cildin do\u011fal bariyerini g\u00fc\u00e7lendirir, b\u00f6ylece cildi d\u0131\u015f etkenlere kar\u015f\u0131 korur ve onar\u0131r. Taze yaban mersini ve s\u00fct kokular\u0131, enerji verici bir milk shake hissi yarat\u0131r.   *G\u00fcnl\u00fck kullan\u0131m i\u00e7in uygundur, \u00f6zellikle banyo sonras\u0131 kullan\u0131m \u00f6nerilir.<\/span><\/div>\n<p><!-- Event snippet for Purchase Start conversion page\nIn your html page, add the snippet and call gtag_report_conversion when someone clicks on the chosen link or button. -->\n<script>\nfunction gtag_report_conversion(url) {\n  var callback = function () {\n    if (typeof(url) != 'undefined') {\n      window.location = url;\n    }\n  };\n  gtag('event', 'conversion', {\n      'send_to': 'AW-16766295953\/6tj6CN3MzJUaEJG_5bo-',\n      'event_callback': callback\n  });\n  return false;\n}\n<\/script><\/p>\n","protected":false},"featured_media":1909,"comment_status":"closed","ping_status":"closed","template":"","meta":[],"product_cat":[15],"product_tag":[],"class_list":{"0":"post-1056","1":"product","2":"type-product","3":"status-publish","4":"has-post-thumbnail","6":"product_cat-genel","8":"first","9":"instock","10":"shipping-taxable","11":"product-type-simple"},"yoast_head":"<!-- This site is optimized with the Yoast SEO plugin v23.8 - https:\/\/yoast.com\/wordpress\/plugins\/seo\/ -->\n<title>ICON Care Cilt Bak\u0131m K\u00f6p\u00fc\u011f\u00fc - ICON Care - Resmi Web Sayfas\u0131<\/title>\n<meta name=\"robots\" content=\"index, follow, max-snippet:-1, max-image-preview:large, max-video-preview:-1\" \/>\n<link rel=\"canonical\" href=\"https:\/\/iconcare.com.tr\/index.php\/urun\/icon-care-cilt-bakim-kopugu-blueberry-milkshake\/\" \/>\n<meta property=\"og:locale\" content=\"tr_TR\" \/>\n<meta property=\"og:type\" content=\"article\" \/>\n<meta property=\"og:title\" content=\"ICON Care Cilt Bak\u0131m K\u00f6p\u00fc\u011f\u00fc - ICON Care - Resmi Web Sayfas\u0131\" \/>\n<meta property=\"og:description\" content=\"Iconcare Blueberry Milkshake Cilt Bak\u0131m K\u00f6p\u00fc\u011f\u00fc 200 ml A\u00e7\u0131klama: Icon Care Blueberry Milkshake Cilt Bak\u0131m K\u00f6p\u00fc\u011f\u00fc, kremsi meyve notalar\u0131yla g\u00fcnl\u00fck bak\u0131m rutinine konforlu bir dokunu\u015f ekler. Hafif k\u00f6p\u00fck yap\u0131s\u0131 cilt \u00fczerinde rahat bir kullan\u0131m sa\u011flar.  Cildin daha dengeli, p\u00fcr\u00fczs\u00fcz ve bak\u0131ml\u0131 g\u00f6r\u00fcnmesine yard\u0131mc\u0131 olur. Antioksidan bak\u0131m hissi verir. Panthenol i\u00e7eren form\u00fcl\u00fcyle cildin nem seviyesini destekleyen ve yumu\u015fakl\u0131k kazand\u0131rmaya yard\u0131mc\u0131 bak\u0131m k\u00f6p\u00fc\u011f\u00fc.  \u00dcr\u00fcn \u00d6zellikleri (\u0130\u00e7erik\/Odak): Aktif i\u00e7erikler: Panthenol (Pro\u2011Vitamin B5); hafif k\u00f6p\u00fck yap\u0131; g\u00fcnl\u00fck kullan\u0131ma uygun; 200 ml Faydalar\u0131: Cildin nem dengesini destekler; daha yumu\u015fak ve bak\u0131ml\u0131 g\u00f6r\u00fcn\u00fcm sa\u011flar; d\u00fczenli kullan\u0131mda cilt konforunu art\u0131rmaya yard\u0131mc\u0131 olur. Kullan\u0131m \u015eekli: Kullanmadan \u00f6nce iyice \u00e7alkalay\u0131n. Avu\u00e7 i\u00e7ine bir miktar k\u00f6p\u00fck s\u0131k\u0131n. Temiz ve kuru cilde nazik\u00e7e masaj yaparak uygulay\u0131n. G\u00fcnl\u00fck kullan\u0131m i\u00e7in uygundur; \u00f6zellikle banyo sonras\u0131 kullan\u0131m \u00f6nerilir.\" \/>\n<meta property=\"og:url\" content=\"https:\/\/iconcare.com.tr\/index.php\/urun\/icon-care-cilt-bakim-kopugu-blueberry-milkshake\/\" \/>\n<meta property=\"og:site_name\" content=\"ICON Care - Resmi Web Sayfas\u0131\" \/>\n<meta property=\"article:modified_time\" content=\"2026-03-07T07:28:16+00:00\" \/>\n<meta property=\"og:image\" content=\"https:\/\/iconcare.com.tr\/wp-content\/uploads\/2024\/10\/Yaban_Tekli_1.png\" \/>\n\t<meta property=\"og:image:width\" content=\"621\" \/>\n\t<meta property=\"og:image:height\" content=\"931\" \/>\n\t<meta property=\"og:image:type\" content=\"image\/png\" \/>\n<meta name=\"twitter:card\" content=\"summary_large_image\" \/>\n<meta name=\"twitter:label1\" content=\"Tahmini okuma s\u00fcresi\" \/>\n\t<meta name=\"twitter:data1\" content=\"1 dakika\" \/>\n<script type=\"application\/ld+json\" class=\"yoast-schema-graph\">{\"@context\":\"https:\/\/schema.org\",\"@graph\":[{\"@type\":\"WebPage\",\"@id\":\"https:\/\/iconcare.com.tr\/index.php\/urun\/icon-care-cilt-bakim-kopugu-blueberry-milkshake\/\",\"url\":\"https:\/\/iconcare.com.tr\/index.php\/urun\/icon-care-cilt-bakim-kopugu-blueberry-milkshake\/\",\"name\":\"ICON Care Cilt Bak\u0131m K\u00f6p\u00fc\u011f\u00fc - ICON Care - Resmi Web Sayfas\u0131\",\"isPartOf\":{\"@id\":\"https:\/\/iconcare.com.tr\/#website\"},\"primaryImageOfPage\":{\"@id\":\"https:\/\/iconcare.com.tr\/index.php\/urun\/icon-care-cilt-bakim-kopugu-blueberry-milkshake\/#primaryimage\"},\"image\":{\"@id\":\"https:\/\/iconcare.com.tr\/index.php\/urun\/icon-care-cilt-bakim-kopugu-blueberry-milkshake\/#primaryimage\"},\"thumbnailUrl\":\"https:\/\/iconcare.com.tr\/wp-content\/uploads\/2024\/10\/Yaban_Tekli_1.png\",\"datePublished\":\"2024-10-18T07:37:54+00:00\",\"dateModified\":\"2026-03-07T07:28:16+00:00\",\"breadcrumb\":{\"@id\":\"https:\/\/iconcare.com.tr\/index.php\/urun\/icon-care-cilt-bakim-kopugu-blueberry-milkshake\/#breadcrumb\"},\"inLanguage\":\"tr\",\"potentialAction\":[{\"@type\":\"ReadAction\",\"target\":[\"https:\/\/iconcare.com.tr\/index.php\/urun\/icon-care-cilt-bakim-kopugu-blueberry-milkshake\/\"]}]},{\"@type\":\"ImageObject\",\"inLanguage\":\"tr\",\"@id\":\"https:\/\/iconcare.com.tr\/index.php\/urun\/icon-care-cilt-bakim-kopugu-blueberry-milkshake\/#primaryimage\",\"url\":\"https:\/\/iconcare.com.tr\/wp-content\/uploads\/2024\/10\/Yaban_Tekli_1.png\",\"contentUrl\":\"https:\/\/iconcare.com.tr\/wp-content\/uploads\/2024\/10\/Yaban_Tekli_1.png\",\"width\":621,\"height\":931},{\"@type\":\"BreadcrumbList\",\"@id\":\"https:\/\/iconcare.com.tr\/index.php\/urun\/icon-care-cilt-bakim-kopugu-blueberry-milkshake\/#breadcrumb\",\"itemListElement\":[{\"@type\":\"ListItem\",\"position\":1,\"name\":\"Anasayfa\",\"item\":\"https:\/\/iconcare.com.tr\/\"},{\"@type\":\"ListItem\",\"position\":2,\"name\":\"\u00dcr\u00fcnler\",\"item\":\"https:\/\/iconcare.com.tr\/index.php\/shop__trashed\/\"},{\"@type\":\"ListItem\",\"position\":3,\"name\":\"ICON Care Cilt Bak\u0131m K\u00f6p\u00fc\u011f\u00fc\"}]},{\"@type\":\"WebSite\",\"@id\":\"https:\/\/iconcare.com.tr\/#website\",\"url\":\"https:\/\/iconcare.com.tr\/\",\"name\":\"ICON Care - Resmi Web Sayfas\u0131\",\"description\":\"\",\"potentialAction\":[{\"@type\":\"SearchAction\",\"target\":{\"@type\":\"EntryPoint\",\"urlTemplate\":\"https:\/\/iconcare.com.tr\/?s={search_term_string}\"},\"query-input\":{\"@type\":\"PropertyValueSpecification\",\"valueRequired\":true,\"valueName\":\"search_term_string\"}}],\"inLanguage\":\"tr\"}]}<\/script>\n<!-- \/ Yoast SEO plugin. -->","yoast_head_json":{"title":"ICON Care Cilt Bak\u0131m K\u00f6p\u00fc\u011f\u00fc - ICON Care - Resmi Web Sayfas\u0131","robots":{"index":"index","follow":"follow","max-snippet":"max-snippet:-1","max-image-preview":"max-image-preview:large","max-video-preview":"max-video-preview:-1"},"canonical":"https:\/\/iconcare.com.tr\/index.php\/urun\/icon-care-cilt-bakim-kopugu-blueberry-milkshake\/","og_locale":"tr_TR","og_type":"article","og_title":"ICON Care Cilt Bak\u0131m K\u00f6p\u00fc\u011f\u00fc - ICON Care - Resmi Web Sayfas\u0131","og_description":"Iconcare Blueberry Milkshake Cilt Bak\u0131m K\u00f6p\u00fc\u011f\u00fc 200 ml A\u00e7\u0131klama: Icon Care Blueberry Milkshake Cilt Bak\u0131m K\u00f6p\u00fc\u011f\u00fc, kremsi meyve notalar\u0131yla g\u00fcnl\u00fck bak\u0131m rutinine konforlu bir dokunu\u015f ekler. Hafif k\u00f6p\u00fck yap\u0131s\u0131 cilt \u00fczerinde rahat bir kullan\u0131m sa\u011flar.  Cildin daha dengeli, p\u00fcr\u00fczs\u00fcz ve bak\u0131ml\u0131 g\u00f6r\u00fcnmesine yard\u0131mc\u0131 olur. Antioksidan bak\u0131m hissi verir. Panthenol i\u00e7eren form\u00fcl\u00fcyle cildin nem seviyesini destekleyen ve yumu\u015fakl\u0131k kazand\u0131rmaya yard\u0131mc\u0131 bak\u0131m k\u00f6p\u00fc\u011f\u00fc.  \u00dcr\u00fcn \u00d6zellikleri (\u0130\u00e7erik\/Odak): Aktif i\u00e7erikler: Panthenol (Pro\u2011Vitamin B5); hafif k\u00f6p\u00fck yap\u0131; g\u00fcnl\u00fck kullan\u0131ma uygun; 200 ml Faydalar\u0131: Cildin nem dengesini destekler; daha yumu\u015fak ve bak\u0131ml\u0131 g\u00f6r\u00fcn\u00fcm sa\u011flar; d\u00fczenli kullan\u0131mda cilt konforunu art\u0131rmaya yard\u0131mc\u0131 olur. Kullan\u0131m \u015eekli: Kullanmadan \u00f6nce iyice \u00e7alkalay\u0131n. Avu\u00e7 i\u00e7ine bir miktar k\u00f6p\u00fck s\u0131k\u0131n. Temiz ve kuru cilde nazik\u00e7e masaj yaparak uygulay\u0131n. G\u00fcnl\u00fck kullan\u0131m i\u00e7in uygundur; \u00f6zellikle banyo sonras\u0131 kullan\u0131m \u00f6nerilir.","og_url":"https:\/\/iconcare.com.tr\/index.php\/urun\/icon-care-cilt-bakim-kopugu-blueberry-milkshake\/","og_site_name":"ICON Care - Resmi Web Sayfas\u0131","article_modified_time":"2026-03-07T07:28:16+00:00","og_image":[{"width":621,"height":931,"url":"https:\/\/iconcare.com.tr\/wp-content\/uploads\/2024\/10\/Yaban_Tekli_1.png","type":"image\/png"}],"twitter_card":"summary_large_image","twitter_misc":{"Tahmini okuma s\u00fcresi":"1 dakika"},"schema":{"@context":"https:\/\/schema.org","@graph":[{"@type":"WebPage","@id":"https:\/\/iconcare.com.tr\/index.php\/urun\/icon-care-cilt-bakim-kopugu-blueberry-milkshake\/","url":"https:\/\/iconcare.com.tr\/index.php\/urun\/icon-care-cilt-bakim-kopugu-blueberry-milkshake\/","name":"ICON Care Cilt Bak\u0131m K\u00f6p\u00fc\u011f\u00fc - ICON Care - Resmi Web Sayfas\u0131","isPartOf":{"@id":"https:\/\/iconcare.com.tr\/#website"},"primaryImageOfPage":{"@id":"https:\/\/iconcare.com.tr\/index.php\/urun\/icon-care-cilt-bakim-kopugu-blueberry-milkshake\/#primaryimage"},"image":{"@id":"https:\/\/iconcare.com.tr\/index.php\/urun\/icon-care-cilt-bakim-kopugu-blueberry-milkshake\/#primaryimage"},"thumbnailUrl":"https:\/\/iconcare.com.tr\/wp-content\/uploads\/2024\/10\/Yaban_Tekli_1.png","datePublished":"2024-10-18T07:37:54+00:00","dateModified":"2026-03-07T07:28:16+00:00","breadcrumb":{"@id":"https:\/\/iconcare.com.tr\/index.php\/urun\/icon-care-cilt-bakim-kopugu-blueberry-milkshake\/#breadcrumb"},"inLanguage":"tr","potentialAction":[{"@type":"ReadAction","target":["https:\/\/iconcare.com.tr\/index.php\/urun\/icon-care-cilt-bakim-kopugu-blueberry-milkshake\/"]}]},{"@type":"ImageObject","inLanguage":"tr","@id":"https:\/\/iconcare.com.tr\/index.php\/urun\/icon-care-cilt-bakim-kopugu-blueberry-milkshake\/#primaryimage","url":"https:\/\/iconcare.com.tr\/wp-content\/uploads\/2024\/10\/Yaban_Tekli_1.png","contentUrl":"https:\/\/iconcare.com.tr\/wp-content\/uploads\/2024\/10\/Yaban_Tekli_1.png","width":621,"height":931},{"@type":"BreadcrumbList","@id":"https:\/\/iconcare.com.tr\/index.php\/urun\/icon-care-cilt-bakim-kopugu-blueberry-milkshake\/#breadcrumb","itemListElement":[{"@type":"ListItem","position":1,"name":"Anasayfa","item":"https:\/\/iconcare.com.tr\/"},{"@type":"ListItem","position":2,"name":"\u00dcr\u00fcnler","item":"https:\/\/iconcare.com.tr\/index.php\/shop__trashed\/"},{"@type":"ListItem","position":3,"name":"ICON Care Cilt Bak\u0131m K\u00f6p\u00fc\u011f\u00fc"}]},{"@type":"WebSite","@id":"https:\/\/iconcare.com.tr\/#website","url":"https:\/\/iconcare.com.tr\/","name":"ICON Care - Resmi Web Sayfas\u0131","description":"","potentialAction":[{"@type":"SearchAction","target":{"@type":"EntryPoint","urlTemplate":"https:\/\/iconcare.com.tr\/?s={search_term_string}"},"query-input":{"@type":"PropertyValueSpecification","valueRequired":true,"valueName":"search_term_string"}}],"inLanguage":"tr"}]}},"_links":{"self":[{"href":"https:\/\/iconcare.com.tr\/index.php\/wp-json\/wp\/v2\/product\/1056","targetHints":{"allow":["GET"]}}],"collection":[{"href":"https:\/\/iconcare.com.tr\/index.php\/wp-json\/wp\/v2\/product"}],"about":[{"href":"https:\/\/iconcare.com.tr\/index.php\/wp-json\/wp\/v2\/types\/product"}],"replies":[{"embeddable":true,"href":"https:\/\/iconcare.com.tr\/index.php\/wp-json\/wp\/v2\/comments?post=1056"}],"wp:featuredmedia":[{"embeddable":true,"href":"https:\/\/iconcare.com.tr\/index.php\/wp-json\/wp\/v2\/media\/1909"}],"wp:attachment":[{"href":"https:\/\/iconcare.com.tr\/index.php\/wp-json\/wp\/v2\/media?parent=1056"}],"wp:term":[{"taxonomy":"product_cat","embeddable":true,"href":"https:\/\/iconcare.com.tr\/index.php\/wp-json\/wp\/v2\/product_cat?post=1056"},{"taxonomy":"product_tag","embeddable":true,"href":"https:\/\/iconcare.com.tr\/index.php\/wp-json\/wp\/v2\/product_tag?post=1056"}],"curies":[{"name":"wp","href":"https:\/\/api.w.org\/{rel}","templated":true}]}}