{"id":1121,"date":"2024-10-23T21:54:30","date_gmt":"2024-10-23T18:54:30","guid":{"rendered":"https:\/\/iconcare.com.tr\/?page_id=1121"},"modified":"2026-02-12T13:47:36","modified_gmt":"2026-02-12T10:47:36","slug":"intim-kopugu","status":"publish","type":"page","link":"https:\/\/iconcare.com.tr\/index.php\/intim-kopugu\/","title":{"rendered":"\u0130ntim K\u00f6p\u00fc\u011f\u00fc"},"content":{"rendered":"\t\t<div data-elementor-type=\"wp-page\" data-elementor-id=\"1121\" class=\"elementor elementor-1121\" data-elementor-post-type=\"page\">\n\t\t\t\t<div class=\"elementor-element elementor-element-f7bff73 e-con-full e-flex e-con e-parent\" data-id=\"f7bff73\" data-element_type=\"container\">\n\t\t<div class=\"elementor-element elementor-element-cc2d1f6 e-con-full e-flex e-con e-child\" data-id=\"cc2d1f6\" data-element_type=\"container\">\n\t\t\t\t<div class=\"elementor-element elementor-element-28747c2 elementor-widget elementor-widget-image\" data-id=\"28747c2\" data-element_type=\"widget\" data-widget_type=\"image.default\">\n\t\t\t\t<div class=\"elementor-widget-container\">\n\t\t\t\t\t\t\t\t\t\t\t\t\t\t<a href=\"https:\/\/iconcare.com.tr\/index.php\/urun\/icon-care-genital-bolge-temizleme-kopugu\/\">\n\t\t\t\t\t\t\t<img fetchpriority=\"high\" decoding=\"async\" width=\"621\" height=\"931\" src=\"https:\/\/iconcare.com.tr\/wp-content\/themes\/yena\/assets\/images\/blank.gif\" class=\"elementor-animation-shrink attachment-large size-large wp-image-1951 la-lazyload-image\" alt=\"\" data-src=\"https:\/\/iconcare.com.tr\/wp-content\/uploads\/2024\/10\/Intim_Tekli_1.png\" \/>\t\t\t\t\t\t\t\t<\/a>\n\t\t\t\t\t\t\t\t\t\t\t\t\t<\/div>\n\t\t\t\t<\/div>\n\t\t\t\t<div class=\"elementor-element elementor-element-eb0b8e1 elementor-widget elementor-widget-heading\" data-id=\"eb0b8e1\" data-element_type=\"widget\" data-widget_type=\"heading.default\">\n\t\t\t\t<div class=\"elementor-widget-container\">\n\t\t\t<h3 class=\"elementor-heading-title elementor-size-default\">Genital B\u00f6lge Temizleme K\u00f6p\u00fc\u011f\u00fc<\/h3>\t\t<\/div>\n\t\t\t\t<\/div>\n\t\t\t\t<div class=\"elementor-element elementor-element-0fd2db9 elementor-widget elementor-widget-heading\" data-id=\"0fd2db9\" data-element_type=\"widget\" data-widget_type=\"heading.default\">\n\t\t\t\t<div class=\"elementor-widget-container\">\n\t\t\t<h5 class=\"elementor-heading-title elementor-size-default\">Nioli Ya\u011f\u0131 &amp; Lavanta<\/h5>\t\t<\/div>\n\t\t\t\t<\/div>\n\t\t\t\t<div class=\"elementor-element elementor-element-154a51e elementor-align-justify elementor-widget elementor-widget-button\" data-id=\"154a51e\" data-element_type=\"widget\" --=\"\" in=\"\" script=\"\" function=\"\" var=\"\" if=\"\" window=\"\" gtag=\"\" send_to=\"\" event_callback=\"\" return=\"\" data-widget_type=\"button.default\">\n\t\t\t\t<div class=\"elementor-widget-container\">\n\t\t\t\t\t<div class=\"elementor-button-wrapper\">\n\t\t\t<a class=\"elementor-button elementor-button-link elementor-size-sm\" href=\"#elementor-action%3Aaction%3Dpopup%3Aopen%26settings%3DeyJpZCI6IjE2MzUiLCJ0b2dnbGUiOmZhbHNlfQ%3D%3D\" target=\"_blank\">\n\t\t\t\t\t\t<span class=\"elementor-button-content-wrapper\">\n\t\t\t\t\t\t<span class=\"elementor-button-icon\">\n\t\t\t\t<svg aria-hidden=\"true\" class=\"e-font-icon-svg e-fas-arrow-circle-right\" viewBox=\"0 0 512 512\" xmlns=\"http:\/\/www.w3.org\/2000\/svg\"><path d=\"M256 8c137 0 248 111 248 248S393 504 256 504 8 393 8 256 119 8 256 8zm-28.9 143.6l75.5 72.4H120c-13.3 0-24 10.7-24 24v16c0 13.3 10.7 24 24 24h182.6l-75.5 72.4c-9.7 9.3-9.9 24.8-.4 34.3l11 10.9c9.4 9.4 24.6 9.4 33.9 0L404.3 273c9.4-9.4 9.4-24.6 0-33.9L271.6 106.3c-9.4-9.4-24.6-9.4-33.9 0l-11 10.9c-9.5 9.6-9.3 25.1.4 34.4z\"><\/path><\/svg>\t\t\t<\/span>\n\t\t\t\t\t\t\t\t\t<span class=\"elementor-button-text\">Sat\u0131n Al<\/span>\n\t\t\t\t\t<\/span>\n\t\t\t\t\t<\/a>\n\t\t<\/div>\n\t\t\t\t<\/div>\n\t\t\t\t<\/div>\n\t\t\t\t<div class=\"elementor-element elementor-element-e7f1bff elementor-align-justify elementor-widget elementor-widget-button\" data-id=\"e7f1bff\" data-element_type=\"widget\" data-widget_type=\"button.default\">\n\t\t\t\t<div class=\"elementor-widget-container\">\n\t\t\t\t\t<div class=\"elementor-button-wrapper\">\n\t\t\t<a class=\"elementor-button elementor-button-link elementor-size-sm\" href=\"https:\/\/iconcare.com.tr\/index.php\/urun\/icon-care-genital-bolge-temizleme-kopugu\/\">\n\t\t\t\t\t\t<span class=\"elementor-button-content-wrapper\">\n\t\t\t\t\t\t<span class=\"elementor-button-icon\">\n\t\t\t\t<svg aria-hidden=\"true\" class=\"e-font-icon-svg e-fas-info\" viewBox=\"0 0 192 512\" xmlns=\"http:\/\/www.w3.org\/2000\/svg\"><path d=\"M20 424.229h20V279.771H20c-11.046 0-20-8.954-20-20V212c0-11.046 8.954-20 20-20h112c11.046 0 20 8.954 20 20v212.229h20c11.046 0 20 8.954 20 20V492c0 11.046-8.954 20-20 20H20c-11.046 0-20-8.954-20-20v-47.771c0-11.046 8.954-20 20-20zM96 0C56.235 0 24 32.235 24 72s32.235 72 72 72 72-32.235 72-72S135.764 0 96 0z\"><\/path><\/svg>\t\t\t<\/span>\n\t\t\t\t\t\t\t\t\t<span class=\"elementor-button-text\">\u0130ncele<\/span>\n\t\t\t\t\t<\/span>\n\t\t\t\t\t<\/a>\n\t\t<\/div>\n\t\t\t\t<\/div>\n\t\t\t\t<\/div>\n\t\t\t\t<\/div>\n\t\t\t\t<\/div>\n\t\t\t\t<\/div>\n\t\t","protected":false},"excerpt":{"rendered":"<p>Genital B\u00f6lge Temizleme K\u00f6p\u00fc\u011f\u00fc Nioli Ya\u011f\u0131 &amp; Lavanta Sat\u0131n Al \u0130ncele<\/p>\n","protected":false},"author":1,"featured_media":0,"parent":0,"menu_order":0,"comment_status":"closed","ping_status":"closed","template":"","meta":{"footnotes":""},"class_list":["post-1121","page","type-page","status-publish","hentry"],"yoast_head":"<!-- This site is optimized with the Yoast SEO plugin v23.8 - https:\/\/yoast.com\/wordpress\/plugins\/seo\/ -->\n<title>\u0130ntim K\u00f6p\u00fc\u011f\u00fc - ICON Care - Resmi Web Sayfas\u0131<\/title>\n<meta name=\"robots\" content=\"index, follow, max-snippet:-1, max-image-preview:large, max-video-preview:-1\" \/>\n<link rel=\"canonical\" href=\"https:\/\/iconcare.com.tr\/index.php\/intim-kopugu\/\" \/>\n<meta property=\"og:locale\" content=\"tr_TR\" \/>\n<meta property=\"og:type\" content=\"article\" \/>\n<meta property=\"og:title\" content=\"\u0130ntim K\u00f6p\u00fc\u011f\u00fc - ICON Care - Resmi Web Sayfas\u0131\" \/>\n<meta property=\"og:description\" content=\"Genital B\u00f6lge Temizleme K\u00f6p\u00fc\u011f\u00fc Nioli Ya\u011f\u0131 &amp; Lavanta Sat\u0131n Al \u0130ncele\" \/>\n<meta property=\"og:url\" content=\"https:\/\/iconcare.com.tr\/index.php\/intim-kopugu\/\" \/>\n<meta property=\"og:site_name\" content=\"ICON Care - Resmi Web Sayfas\u0131\" \/>\n<meta property=\"article:modified_time\" content=\"2026-02-12T10:47:36+00:00\" \/>\n<meta property=\"og:image\" content=\"https:\/\/iconcare.com.tr\/wp-content\/uploads\/2024\/10\/Intim_Tekli_1.png\" \/>\n<meta name=\"twitter:card\" content=\"summary_large_image\" \/>\n<meta name=\"twitter:label1\" content=\"Tahmini okuma s\u00fcresi\" \/>\n\t<meta name=\"twitter:data1\" content=\"1 dakika\" \/>\n<script type=\"application\/ld+json\" class=\"yoast-schema-graph\">{\"@context\":\"https:\/\/schema.org\",\"@graph\":[{\"@type\":\"WebPage\",\"@id\":\"https:\/\/iconcare.com.tr\/index.php\/intim-kopugu\/\",\"url\":\"https:\/\/iconcare.com.tr\/index.php\/intim-kopugu\/\",\"name\":\"\u0130ntim K\u00f6p\u00fc\u011f\u00fc - ICON Care - Resmi Web Sayfas\u0131\",\"isPartOf\":{\"@id\":\"https:\/\/iconcare.com.tr\/#website\"},\"primaryImageOfPage\":{\"@id\":\"https:\/\/iconcare.com.tr\/index.php\/intim-kopugu\/#primaryimage\"},\"image\":{\"@id\":\"https:\/\/iconcare.com.tr\/index.php\/intim-kopugu\/#primaryimage\"},\"thumbnailUrl\":\"https:\/\/iconcare.com.tr\/wp-content\/uploads\/2024\/10\/Intim_Tekli_1.png\",\"datePublished\":\"2024-10-23T18:54:30+00:00\",\"dateModified\":\"2026-02-12T10:47:36+00:00\",\"breadcrumb\":{\"@id\":\"https:\/\/iconcare.com.tr\/index.php\/intim-kopugu\/#breadcrumb\"},\"inLanguage\":\"tr\",\"potentialAction\":[{\"@type\":\"ReadAction\",\"target\":[\"https:\/\/iconcare.com.tr\/index.php\/intim-kopugu\/\"]}]},{\"@type\":\"ImageObject\",\"inLanguage\":\"tr\",\"@id\":\"https:\/\/iconcare.com.tr\/index.php\/intim-kopugu\/#primaryimage\",\"url\":\"https:\/\/iconcare.com.tr\/wp-content\/uploads\/2024\/10\/Intim_Tekli_1.png\",\"contentUrl\":\"https:\/\/iconcare.com.tr\/wp-content\/uploads\/2024\/10\/Intim_Tekli_1.png\",\"width\":621,\"height\":931},{\"@type\":\"BreadcrumbList\",\"@id\":\"https:\/\/iconcare.com.tr\/index.php\/intim-kopugu\/#breadcrumb\",\"itemListElement\":[{\"@type\":\"ListItem\",\"position\":1,\"name\":\"Anasayfa\",\"item\":\"https:\/\/iconcare.com.tr\/\"},{\"@type\":\"ListItem\",\"position\":2,\"name\":\"\u0130ntim K\u00f6p\u00fc\u011f\u00fc\"}]},{\"@type\":\"WebSite\",\"@id\":\"https:\/\/iconcare.com.tr\/#website\",\"url\":\"https:\/\/iconcare.com.tr\/\",\"name\":\"ICON Care - Resmi Web Sayfas\u0131\",\"description\":\"\",\"potentialAction\":[{\"@type\":\"SearchAction\",\"target\":{\"@type\":\"EntryPoint\",\"urlTemplate\":\"https:\/\/iconcare.com.tr\/?s={search_term_string}\"},\"query-input\":{\"@type\":\"PropertyValueSpecification\",\"valueRequired\":true,\"valueName\":\"search_term_string\"}}],\"inLanguage\":\"tr\"}]}<\/script>\n<!-- \/ Yoast SEO plugin. -->","yoast_head_json":{"title":"\u0130ntim K\u00f6p\u00fc\u011f\u00fc - ICON Care - Resmi Web Sayfas\u0131","robots":{"index":"index","follow":"follow","max-snippet":"max-snippet:-1","max-image-preview":"max-image-preview:large","max-video-preview":"max-video-preview:-1"},"canonical":"https:\/\/iconcare.com.tr\/index.php\/intim-kopugu\/","og_locale":"tr_TR","og_type":"article","og_title":"\u0130ntim K\u00f6p\u00fc\u011f\u00fc - ICON Care - Resmi Web Sayfas\u0131","og_description":"Genital B\u00f6lge Temizleme K\u00f6p\u00fc\u011f\u00fc Nioli Ya\u011f\u0131 &amp; Lavanta Sat\u0131n Al \u0130ncele","og_url":"https:\/\/iconcare.com.tr\/index.php\/intim-kopugu\/","og_site_name":"ICON Care - Resmi Web Sayfas\u0131","article_modified_time":"2026-02-12T10:47:36+00:00","og_image":[{"url":"https:\/\/iconcare.com.tr\/wp-content\/uploads\/2024\/10\/Intim_Tekli_1.png"}],"twitter_card":"summary_large_image","twitter_misc":{"Tahmini okuma s\u00fcresi":"1 dakika"},"schema":{"@context":"https:\/\/schema.org","@graph":[{"@type":"WebPage","@id":"https:\/\/iconcare.com.tr\/index.php\/intim-kopugu\/","url":"https:\/\/iconcare.com.tr\/index.php\/intim-kopugu\/","name":"\u0130ntim K\u00f6p\u00fc\u011f\u00fc - ICON Care - Resmi Web Sayfas\u0131","isPartOf":{"@id":"https:\/\/iconcare.com.tr\/#website"},"primaryImageOfPage":{"@id":"https:\/\/iconcare.com.tr\/index.php\/intim-kopugu\/#primaryimage"},"image":{"@id":"https:\/\/iconcare.com.tr\/index.php\/intim-kopugu\/#primaryimage"},"thumbnailUrl":"https:\/\/iconcare.com.tr\/wp-content\/uploads\/2024\/10\/Intim_Tekli_1.png","datePublished":"2024-10-23T18:54:30+00:00","dateModified":"2026-02-12T10:47:36+00:00","breadcrumb":{"@id":"https:\/\/iconcare.com.tr\/index.php\/intim-kopugu\/#breadcrumb"},"inLanguage":"tr","potentialAction":[{"@type":"ReadAction","target":["https:\/\/iconcare.com.tr\/index.php\/intim-kopugu\/"]}]},{"@type":"ImageObject","inLanguage":"tr","@id":"https:\/\/iconcare.com.tr\/index.php\/intim-kopugu\/#primaryimage","url":"https:\/\/iconcare.com.tr\/wp-content\/uploads\/2024\/10\/Intim_Tekli_1.png","contentUrl":"https:\/\/iconcare.com.tr\/wp-content\/uploads\/2024\/10\/Intim_Tekli_1.png","width":621,"height":931},{"@type":"BreadcrumbList","@id":"https:\/\/iconcare.com.tr\/index.php\/intim-kopugu\/#breadcrumb","itemListElement":[{"@type":"ListItem","position":1,"name":"Anasayfa","item":"https:\/\/iconcare.com.tr\/"},{"@type":"ListItem","position":2,"name":"\u0130ntim K\u00f6p\u00fc\u011f\u00fc"}]},{"@type":"WebSite","@id":"https:\/\/iconcare.com.tr\/#website","url":"https:\/\/iconcare.com.tr\/","name":"ICON Care - Resmi Web Sayfas\u0131","description":"","potentialAction":[{"@type":"SearchAction","target":{"@type":"EntryPoint","urlTemplate":"https:\/\/iconcare.com.tr\/?s={search_term_string}"},"query-input":{"@type":"PropertyValueSpecification","valueRequired":true,"valueName":"search_term_string"}}],"inLanguage":"tr"}]}},"_links":{"self":[{"href":"https:\/\/iconcare.com.tr\/index.php\/wp-json\/wp\/v2\/pages\/1121","targetHints":{"allow":["GET"]}}],"collection":[{"href":"https:\/\/iconcare.com.tr\/index.php\/wp-json\/wp\/v2\/pages"}],"about":[{"href":"https:\/\/iconcare.com.tr\/index.php\/wp-json\/wp\/v2\/types\/page"}],"author":[{"embeddable":true,"href":"https:\/\/iconcare.com.tr\/index.php\/wp-json\/wp\/v2\/users\/1"}],"replies":[{"embeddable":true,"href":"https:\/\/iconcare.com.tr\/index.php\/wp-json\/wp\/v2\/comments?post=1121"}],"version-history":[{"count":24,"href":"https:\/\/iconcare.com.tr\/index.php\/wp-json\/wp\/v2\/pages\/1121\/revisions"}],"predecessor-version":[{"id":2000,"href":"https:\/\/iconcare.com.tr\/index.php\/wp-json\/wp\/v2\/pages\/1121\/revisions\/2000"}],"wp:attachment":[{"href":"https:\/\/iconcare.com.tr\/index.php\/wp-json\/wp\/v2\/media?parent=1121"}],"curies":[{"name":"wp","href":"https:\/\/api.w.org\/{rel}","templated":true}]}}