{"id":1294,"date":"2024-10-24T11:30:48","date_gmt":"2024-10-24T08:30:48","guid":{"rendered":"https:\/\/iconcare.com.tr\/?post_type=product&#038;p=1294"},"modified":"2025-02-24T13:43:20","modified_gmt":"2025-02-24T10:43:20","slug":"icon-care-genital-bolge-temizleme-kopugu","status":"publish","type":"product","link":"https:\/\/iconcare.com.tr\/en\/index.php\/urun\/icon-care-genital-bolge-temizleme-kopugu\/","title":{"rendered":"ICON Care Genital B\u00f6lge Temizleme K\u00f6p\u00fc\u011f\u00fc"},"content":{"rendered":"","protected":false},"excerpt":{"rendered":"<p><img fetchpriority=\"high\" decoding=\"async\" class=\"alignnone wp-image-1299 size-full\" src=\"https:\/\/iconcare.com.tr\/wp-content\/uploads\/2024\/10\/Nazikc\u0327e-masaj-yaparak-uygulayin.-Ilik-su-ile-durulayin.png\" alt=\"\" width=\"800\" height=\"250\" \/><br \/>\n<a class=\"elementor-button elementor-button-link elementor-size-sm\" href=\"#elementor-action%3Aaction%3Dpopup%3Aopen%26settings%3DeyJpZCI6IjE2MzUiLCJ0b2dnbGUiOmZhbHNlfQ%3D%3D\" target=\"_blank\" rel=\"noopener\"\ndata-gtm-event=\"purchase_start\"><br \/>\n  <span class=\"elementor-button-content-wrapper\"><br \/>\n    <span class=\"elementor-button-icon\"><br \/>\n    <\/span><br \/>\n    <span class=\"elementor-button-text\">Online Sat\u0131n Al<\/span><br \/>\n  <\/span><br \/>\n<\/a><br \/>\n<!-- Google tag (gtag.js) event - delayed navigation helper --><br \/>\n<script>\n  \/\/ Helper function to delay opening a URL until a gtag event is sent.\n  \/\/ Call it in response to an action that should navigate to a URL.\n  function gtagSendEvent(url) {\n    var callback = function () {\n      if (typeof url === 'string') {\n        window.location = url;\n      }\n    };\n    gtag('event', 'conversion_event_default', {\n      'event_callback': callback,\n      'event_timeout': 2000,\n      \/\/ <event_parameters>\n    });\n    return false;\n  }\n<\/script><\/p>\n<div class=\"wp-block-buttons\">\n<ul class=\"detail-desc-list two-columns\">\n<li>ICON INTIM GENITAL B\u00d6LGE TEM\u0130ZLEME K\u00d6P\u00dc\u011e\u00dc Hassas b\u00f6lgenizi nazik\u00e7e temizlemek i\u00e7in \u00f6zenle form\u00fcle edilen d\u0131\u015f genital b\u00f6lge temizleme k\u00f6p\u00fc\u011f\u00fc, do\u011fal Nioli ya\u011f\u0131n\u0131n ar\u0131nd\u0131r\u0131c\u0131 ve ferahlat\u0131c\u0131 etkisini sunar, nazik ve etkili temizlik sa\u011flar.<\/li>\n<li>pH seviyesi 3.8 olan bu \u00fcr\u00fcn, cildin do\u011fal asit mantosunu koruyarak dengeler ve ferahlat\u0131c\u0131 bir temizlik deneyimi sunar.<\/li>\n<li>Lavanta kokusu ile ferahl\u0131k ve tazelik hissi verir.<\/li>\n<li>Alkol, gluten ve mikroplastik i\u00e7ermeyen form\u00fcl\u00fc ile hassas ciltlere uygun olup, cildi besler ve tahri\u015fi \u00f6nler.<\/li>\n<\/ul>\n<\/div>\n","protected":false},"featured_media":1822,"comment_status":"closed","ping_status":"closed","template":"","meta":[],"product_cat":[15],"product_tag":[],"class_list":{"0":"post-1294","1":"product","2":"type-product","3":"status-publish","4":"has-post-thumbnail","6":"product_cat-genel","8":"first","9":"instock","10":"shipping-taxable","11":"product-type-simple"},"yoast_head":"<!-- This site is optimized with the Yoast SEO plugin v23.8 - https:\/\/yoast.com\/wordpress\/plugins\/seo\/ -->\n<title>ICON Care Genital B\u00f6lge Temizleme K\u00f6p\u00fc\u011f\u00fc - ICON Care - Resmi Web Sayfas\u0131<\/title>\n<meta name=\"robots\" content=\"index, follow, max-snippet:-1, max-image-preview:large, max-video-preview:-1\" \/>\n<link rel=\"canonical\" href=\"https:\/\/iconcare.com.tr\/en\/index.php\/urun\/icon-care-genital-bolge-temizleme-kopugu\/\" \/>\n<meta property=\"og:locale\" content=\"tr_TR\" \/>\n<meta property=\"og:type\" content=\"article\" \/>\n<meta property=\"og:title\" content=\"ICON Care Genital B\u00f6lge Temizleme K\u00f6p\u00fc\u011f\u00fc - ICON Care - Resmi Web Sayfas\u0131\" \/>\n<meta property=\"og:description\" content=\"Online Sat\u0131n Al          ICON INTIM GENITAL B\u00d6LGE TEM\u0130ZLEME K\u00d6P\u00dc\u011e\u00dc Hassas b\u00f6lgenizi nazik\u00e7e temizlemek i\u00e7in \u00f6zenle form\u00fcle edilen d\u0131\u015f genital b\u00f6lge temizleme k\u00f6p\u00fc\u011f\u00fc, do\u011fal Nioli ya\u011f\u0131n\u0131n ar\u0131nd\u0131r\u0131c\u0131 ve ferahlat\u0131c\u0131 etkisini sunar, nazik ve etkili temizlik sa\u011flar.  pH seviyesi 3.8 olan bu \u00fcr\u00fcn, cildin do\u011fal asit mantosunu koruyarak dengeler ve ferahlat\u0131c\u0131 bir temizlik deneyimi sunar.  Lavanta kokusu ile ferahl\u0131k ve tazelik hissi verir.  Alkol, gluten ve mikroplastik i\u00e7ermeyen form\u00fcl\u00fc ile hassas ciltlere uygun olup, cildi besler ve tahri\u015fi \u00f6nler.\" \/>\n<meta property=\"og:url\" content=\"https:\/\/iconcare.com.tr\/en\/index.php\/urun\/icon-care-genital-bolge-temizleme-kopugu\/\" \/>\n<meta property=\"og:site_name\" content=\"ICON Care - Resmi Web Sayfas\u0131\" \/>\n<meta property=\"article:modified_time\" content=\"2025-02-24T10:43:20+00:00\" \/>\n<meta property=\"og:image\" content=\"https:\/\/iconcare.com.tr\/en\/wp-content\/uploads\/2024\/10\/Intim-Genital-Bolge-Temizleme-Kopugu.png\" \/>\n\t<meta property=\"og:image:width\" content=\"1200\" \/>\n\t<meta property=\"og:image:height\" content=\"1800\" \/>\n\t<meta property=\"og:image:type\" content=\"image\/png\" \/>\n<meta name=\"twitter:card\" content=\"summary_large_image\" \/>\n<meta name=\"twitter:label1\" content=\"Tahmini okuma s\u00fcresi\" \/>\n\t<meta name=\"twitter:data1\" content=\"1 dakika\" \/>\n<script type=\"application\/ld+json\" class=\"yoast-schema-graph\">{\"@context\":\"https:\/\/schema.org\",\"@graph\":[{\"@type\":\"WebPage\",\"@id\":\"https:\/\/iconcare.com.tr\/en\/index.php\/urun\/icon-care-genital-bolge-temizleme-kopugu\/\",\"url\":\"https:\/\/iconcare.com.tr\/en\/index.php\/urun\/icon-care-genital-bolge-temizleme-kopugu\/\",\"name\":\"ICON Care Genital B\u00f6lge Temizleme K\u00f6p\u00fc\u011f\u00fc - ICON Care - Resmi Web Sayfas\u0131\",\"isPartOf\":{\"@id\":\"https:\/\/iconcare.com.tr\/en\/#website\"},\"primaryImageOfPage\":{\"@id\":\"https:\/\/iconcare.com.tr\/en\/index.php\/urun\/icon-care-genital-bolge-temizleme-kopugu\/#primaryimage\"},\"image\":{\"@id\":\"https:\/\/iconcare.com.tr\/en\/index.php\/urun\/icon-care-genital-bolge-temizleme-kopugu\/#primaryimage\"},\"thumbnailUrl\":\"https:\/\/iconcare.com.tr\/en\/wp-content\/uploads\/2024\/10\/Intim-Genital-Bolge-Temizleme-Kopugu.png\",\"datePublished\":\"2024-10-24T08:30:48+00:00\",\"dateModified\":\"2025-02-24T10:43:20+00:00\",\"breadcrumb\":{\"@id\":\"https:\/\/iconcare.com.tr\/en\/index.php\/urun\/icon-care-genital-bolge-temizleme-kopugu\/#breadcrumb\"},\"inLanguage\":\"tr\",\"potentialAction\":[{\"@type\":\"ReadAction\",\"target\":[\"https:\/\/iconcare.com.tr\/en\/index.php\/urun\/icon-care-genital-bolge-temizleme-kopugu\/\"]}]},{\"@type\":\"ImageObject\",\"inLanguage\":\"tr\",\"@id\":\"https:\/\/iconcare.com.tr\/en\/index.php\/urun\/icon-care-genital-bolge-temizleme-kopugu\/#primaryimage\",\"url\":\"https:\/\/iconcare.com.tr\/en\/wp-content\/uploads\/2024\/10\/Intim-Genital-Bolge-Temizleme-Kopugu.png\",\"contentUrl\":\"https:\/\/iconcare.com.tr\/en\/wp-content\/uploads\/2024\/10\/Intim-Genital-Bolge-Temizleme-Kopugu.png\",\"width\":1200,\"height\":1800},{\"@type\":\"BreadcrumbList\",\"@id\":\"https:\/\/iconcare.com.tr\/en\/index.php\/urun\/icon-care-genital-bolge-temizleme-kopugu\/#breadcrumb\",\"itemListElement\":[{\"@type\":\"ListItem\",\"position\":1,\"name\":\"Anasayfa\",\"item\":\"https:\/\/iconcare.com.tr\/en\/\"},{\"@type\":\"ListItem\",\"position\":2,\"name\":\"Products\",\"item\":\"https:\/\/iconcare.com.tr\/en\/index.php\/shop\/\"},{\"@type\":\"ListItem\",\"position\":3,\"name\":\"ICON Care Genital B\u00f6lge Temizleme K\u00f6p\u00fc\u011f\u00fc\"}]},{\"@type\":\"WebSite\",\"@id\":\"https:\/\/iconcare.com.tr\/en\/#website\",\"url\":\"https:\/\/iconcare.com.tr\/en\/\",\"name\":\"ICON Care - Resmi Web Sayfas\u0131\",\"description\":\"\",\"potentialAction\":[{\"@type\":\"SearchAction\",\"target\":{\"@type\":\"EntryPoint\",\"urlTemplate\":\"https:\/\/iconcare.com.tr\/en\/?s={search_term_string}\"},\"query-input\":{\"@type\":\"PropertyValueSpecification\",\"valueRequired\":true,\"valueName\":\"search_term_string\"}}],\"inLanguage\":\"tr\"}]}<\/script>\n<!-- \/ Yoast SEO plugin. -->","yoast_head_json":{"title":"ICON Care Genital B\u00f6lge Temizleme K\u00f6p\u00fc\u011f\u00fc - ICON Care - Resmi Web Sayfas\u0131","robots":{"index":"index","follow":"follow","max-snippet":"max-snippet:-1","max-image-preview":"max-image-preview:large","max-video-preview":"max-video-preview:-1"},"canonical":"https:\/\/iconcare.com.tr\/en\/index.php\/urun\/icon-care-genital-bolge-temizleme-kopugu\/","og_locale":"tr_TR","og_type":"article","og_title":"ICON Care Genital B\u00f6lge Temizleme K\u00f6p\u00fc\u011f\u00fc - ICON Care - Resmi Web Sayfas\u0131","og_description":"Online Sat\u0131n Al          ICON INTIM GENITAL B\u00d6LGE TEM\u0130ZLEME K\u00d6P\u00dc\u011e\u00dc Hassas b\u00f6lgenizi nazik\u00e7e temizlemek i\u00e7in \u00f6zenle form\u00fcle edilen d\u0131\u015f genital b\u00f6lge temizleme k\u00f6p\u00fc\u011f\u00fc, do\u011fal Nioli ya\u011f\u0131n\u0131n ar\u0131nd\u0131r\u0131c\u0131 ve ferahlat\u0131c\u0131 etkisini sunar, nazik ve etkili temizlik sa\u011flar.  pH seviyesi 3.8 olan bu \u00fcr\u00fcn, cildin do\u011fal asit mantosunu koruyarak dengeler ve ferahlat\u0131c\u0131 bir temizlik deneyimi sunar.  Lavanta kokusu ile ferahl\u0131k ve tazelik hissi verir.  Alkol, gluten ve mikroplastik i\u00e7ermeyen form\u00fcl\u00fc ile hassas ciltlere uygun olup, cildi besler ve tahri\u015fi \u00f6nler.","og_url":"https:\/\/iconcare.com.tr\/en\/index.php\/urun\/icon-care-genital-bolge-temizleme-kopugu\/","og_site_name":"ICON Care - Resmi Web Sayfas\u0131","article_modified_time":"2025-02-24T10:43:20+00:00","og_image":[{"width":1200,"height":1800,"url":"https:\/\/iconcare.com.tr\/en\/wp-content\/uploads\/2024\/10\/Intim-Genital-Bolge-Temizleme-Kopugu.png","type":"image\/png"}],"twitter_card":"summary_large_image","twitter_misc":{"Tahmini okuma s\u00fcresi":"1 dakika"},"schema":{"@context":"https:\/\/schema.org","@graph":[{"@type":"WebPage","@id":"https:\/\/iconcare.com.tr\/en\/index.php\/urun\/icon-care-genital-bolge-temizleme-kopugu\/","url":"https:\/\/iconcare.com.tr\/en\/index.php\/urun\/icon-care-genital-bolge-temizleme-kopugu\/","name":"ICON Care Genital B\u00f6lge Temizleme K\u00f6p\u00fc\u011f\u00fc - ICON Care - Resmi Web Sayfas\u0131","isPartOf":{"@id":"https:\/\/iconcare.com.tr\/en\/#website"},"primaryImageOfPage":{"@id":"https:\/\/iconcare.com.tr\/en\/index.php\/urun\/icon-care-genital-bolge-temizleme-kopugu\/#primaryimage"},"image":{"@id":"https:\/\/iconcare.com.tr\/en\/index.php\/urun\/icon-care-genital-bolge-temizleme-kopugu\/#primaryimage"},"thumbnailUrl":"https:\/\/iconcare.com.tr\/en\/wp-content\/uploads\/2024\/10\/Intim-Genital-Bolge-Temizleme-Kopugu.png","datePublished":"2024-10-24T08:30:48+00:00","dateModified":"2025-02-24T10:43:20+00:00","breadcrumb":{"@id":"https:\/\/iconcare.com.tr\/en\/index.php\/urun\/icon-care-genital-bolge-temizleme-kopugu\/#breadcrumb"},"inLanguage":"tr","potentialAction":[{"@type":"ReadAction","target":["https:\/\/iconcare.com.tr\/en\/index.php\/urun\/icon-care-genital-bolge-temizleme-kopugu\/"]}]},{"@type":"ImageObject","inLanguage":"tr","@id":"https:\/\/iconcare.com.tr\/en\/index.php\/urun\/icon-care-genital-bolge-temizleme-kopugu\/#primaryimage","url":"https:\/\/iconcare.com.tr\/en\/wp-content\/uploads\/2024\/10\/Intim-Genital-Bolge-Temizleme-Kopugu.png","contentUrl":"https:\/\/iconcare.com.tr\/en\/wp-content\/uploads\/2024\/10\/Intim-Genital-Bolge-Temizleme-Kopugu.png","width":1200,"height":1800},{"@type":"BreadcrumbList","@id":"https:\/\/iconcare.com.tr\/en\/index.php\/urun\/icon-care-genital-bolge-temizleme-kopugu\/#breadcrumb","itemListElement":[{"@type":"ListItem","position":1,"name":"Anasayfa","item":"https:\/\/iconcare.com.tr\/en\/"},{"@type":"ListItem","position":2,"name":"Products","item":"https:\/\/iconcare.com.tr\/en\/index.php\/shop\/"},{"@type":"ListItem","position":3,"name":"ICON Care Genital B\u00f6lge Temizleme K\u00f6p\u00fc\u011f\u00fc"}]},{"@type":"WebSite","@id":"https:\/\/iconcare.com.tr\/en\/#website","url":"https:\/\/iconcare.com.tr\/en\/","name":"ICON Care - Resmi Web Sayfas\u0131","description":"","potentialAction":[{"@type":"SearchAction","target":{"@type":"EntryPoint","urlTemplate":"https:\/\/iconcare.com.tr\/en\/?s={search_term_string}"},"query-input":{"@type":"PropertyValueSpecification","valueRequired":true,"valueName":"search_term_string"}}],"inLanguage":"tr"}]}},"_links":{"self":[{"href":"https:\/\/iconcare.com.tr\/en\/index.php\/wp-json\/wp\/v2\/product\/1294","targetHints":{"allow":["GET"]}}],"collection":[{"href":"https:\/\/iconcare.com.tr\/en\/index.php\/wp-json\/wp\/v2\/product"}],"about":[{"href":"https:\/\/iconcare.com.tr\/en\/index.php\/wp-json\/wp\/v2\/types\/product"}],"replies":[{"embeddable":true,"href":"https:\/\/iconcare.com.tr\/en\/index.php\/wp-json\/wp\/v2\/comments?post=1294"}],"wp:featuredmedia":[{"embeddable":true,"href":"https:\/\/iconcare.com.tr\/en\/index.php\/wp-json\/wp\/v2\/media\/1822"}],"wp:attachment":[{"href":"https:\/\/iconcare.com.tr\/en\/index.php\/wp-json\/wp\/v2\/media?parent=1294"}],"wp:term":[{"taxonomy":"product_cat","embeddable":true,"href":"https:\/\/iconcare.com.tr\/en\/index.php\/wp-json\/wp\/v2\/product_cat?post=1294"},{"taxonomy":"product_tag","embeddable":true,"href":"https:\/\/iconcare.com.tr\/en\/index.php\/wp-json\/wp\/v2\/product_tag?post=1294"}],"curies":[{"name":"wp","href":"https:\/\/api.w.org\/{rel}","templated":true}]}}