{"id":1283,"date":"2024-10-24T11:21:41","date_gmt":"2024-10-24T08:21:41","guid":{"rendered":"https:\/\/iconcare.com.tr\/?post_type=product&#038;p=1283"},"modified":"2025-02-24T13:44:23","modified_gmt":"2025-02-24T10:44:23","slug":"icon-care-sac-sekillendirici-kopuk-3","status":"publish","type":"product","link":"https:\/\/iconcare.com.tr\/en\/index.php\/urun\/icon-care-sac-sekillendirici-kopuk-3\/","title":{"rendered":"ICON Care Sa\u00e7 \u015eekillendirici K\u00f6p\u00fck"},"content":{"rendered":"","protected":false},"excerpt":{"rendered":"<p><img fetchpriority=\"high\" decoding=\"async\" class=\"alignnone wp-image-1253 size-full\" src=\"https:\/\/iconcare.com.tr\/wp-content\/uploads\/2024\/10\/Adsiz-tasarim-87.png\" alt=\"\" width=\"800\" height=\"250\" \/><br \/>\n<a class=\"elementor-button elementor-button-link elementor-size-sm\" href=\"#elementor-action%3Aaction%3Dpopup%3Aopen%26settings%3DeyJpZCI6IjE2MjkiLCJ0b2dnbGUiOmZhbHNlfQ%3D%3D\" target=\"_blank\" rel=\"noopener\"\ndata-gtm-event=\"purchase_start\"><br \/>\n  <span class=\"elementor-button-content-wrapper\"><br \/>\n    <span class=\"elementor-button-icon\"><br \/>\n    <\/span><br \/>\n    <span class=\"elementor-button-text\">Online Sat\u0131n Al<\/span><br \/>\n  <\/span><br \/>\n<\/a><\/p>\n<div class=\"wp-block-buttons\"><span class=\"OYPEnA font-feature-liga-off font-feature-clig-off font-feature-calt-off text-decoration-none text-strikethrough-none\">K\u00f6p\u00fck wax,<\/span><span class=\"OYPEnA font-feature-liga-off font-feature-clig-off font-feature-calt-off text-decoration-none text-strikethrough-none\"> sa\u00e7a ekstra hacim kazand\u0131rarak dolgun ve hacimli bir g\u00f6r\u00fcn\u00fcm sa\u011flar. Sa\u00e7\u0131 \u015fekillendirirken esneklik sa\u011flar, bu da daha do\u011fal ve hareketli bir stil olu\u015fturman\u0131za olanak tan\u0131r. Sa\u00e7 tellerini a\u011f\u0131rla\u015ft\u0131rmadan \u015fekil verir. G\u00fcn boyu kal\u0131c\u0131 tutu\u015f sa\u011flar. Sa\u00e7\u0131n \u015feklini uzun s\u00fcre korur ve tekrar \u015fekillendirme imkan\u0131 tan\u0131r.<\/span><\/div>\n<p><!-- Event snippet for Purchase Start conversion page\nIn your html page, add the snippet and call gtag_report_conversion when someone clicks on the chosen link or button. --><br \/>\n<script>\nfunction gtag_report_conversion(url) {\n  var callback = function () {\n    if (typeof(url) != 'undefined') {\n      window.location = url;\n    }\n  };\n  gtag('event', 'conversion', {\n      'send_to': 'AW-16766295953\/6tj6CN3MzJUaEJG_5bo-',\n      'event_callback': callback\n  });\n  return false;\n}\n<\/script><\/p>\n","protected":false},"featured_media":1825,"comment_status":"closed","ping_status":"closed","template":"","meta":[],"product_cat":[15],"product_tag":[],"class_list":{"0":"post-1283","1":"product","2":"type-product","3":"status-publish","4":"has-post-thumbnail","6":"product_cat-genel","8":"first","9":"instock","10":"shipping-taxable","11":"product-type-simple"},"yoast_head":"<!-- This site is optimized with the Yoast SEO plugin v23.8 - https:\/\/yoast.com\/wordpress\/plugins\/seo\/ -->\n<title>ICON Care Sa\u00e7 \u015eekillendirici K\u00f6p\u00fck - ICON Care - Resmi Web Sayfas\u0131<\/title>\n<meta name=\"robots\" content=\"index, follow, max-snippet:-1, max-image-preview:large, max-video-preview:-1\" \/>\n<link rel=\"canonical\" href=\"https:\/\/iconcare.com.tr\/en\/index.php\/urun\/icon-care-sac-sekillendirici-kopuk-3\/\" \/>\n<meta property=\"og:locale\" content=\"tr_TR\" \/>\n<meta property=\"og:type\" content=\"article\" \/>\n<meta property=\"og:title\" content=\"ICON Care Sa\u00e7 \u015eekillendirici K\u00f6p\u00fck - ICON Care - Resmi Web Sayfas\u0131\" \/>\n<meta property=\"og:description\" content=\"Online Sat\u0131n Al     K\u00f6p\u00fck wax, sa\u00e7a ekstra hacim kazand\u0131rarak dolgun ve hacimli bir g\u00f6r\u00fcn\u00fcm sa\u011flar. Sa\u00e7\u0131 \u015fekillendirirken esneklik sa\u011flar, bu da daha do\u011fal ve hareketli bir stil olu\u015fturman\u0131za olanak tan\u0131r. Sa\u00e7 tellerini a\u011f\u0131rla\u015ft\u0131rmadan \u015fekil verir. G\u00fcn boyu kal\u0131c\u0131 tutu\u015f sa\u011flar. Sa\u00e7\u0131n \u015feklini uzun s\u00fcre korur ve tekrar \u015fekillendirme imkan\u0131 tan\u0131r.\" \/>\n<meta property=\"og:url\" content=\"https:\/\/iconcare.com.tr\/en\/index.php\/urun\/icon-care-sac-sekillendirici-kopuk-3\/\" \/>\n<meta property=\"og:site_name\" content=\"ICON Care - Resmi Web Sayfas\u0131\" \/>\n<meta property=\"article:modified_time\" content=\"2025-02-24T10:44:23+00:00\" \/>\n<meta property=\"og:image\" content=\"https:\/\/iconcare.com.tr\/en\/wp-content\/uploads\/2024\/10\/3-kopya-23.png\" \/>\n\t<meta property=\"og:image:width\" content=\"1200\" \/>\n\t<meta property=\"og:image:height\" content=\"1800\" \/>\n\t<meta property=\"og:image:type\" content=\"image\/png\" \/>\n<meta name=\"twitter:card\" content=\"summary_large_image\" \/>\n<meta name=\"twitter:label1\" content=\"Tahmini okuma s\u00fcresi\" \/>\n\t<meta name=\"twitter:data1\" content=\"1 dakika\" \/>\n<script type=\"application\/ld+json\" class=\"yoast-schema-graph\">{\"@context\":\"https:\/\/schema.org\",\"@graph\":[{\"@type\":\"WebPage\",\"@id\":\"https:\/\/iconcare.com.tr\/en\/index.php\/urun\/icon-care-sac-sekillendirici-kopuk-3\/\",\"url\":\"https:\/\/iconcare.com.tr\/en\/index.php\/urun\/icon-care-sac-sekillendirici-kopuk-3\/\",\"name\":\"ICON Care Sa\u00e7 \u015eekillendirici K\u00f6p\u00fck - ICON Care - Resmi Web Sayfas\u0131\",\"isPartOf\":{\"@id\":\"https:\/\/iconcare.com.tr\/en\/#website\"},\"primaryImageOfPage\":{\"@id\":\"https:\/\/iconcare.com.tr\/en\/index.php\/urun\/icon-care-sac-sekillendirici-kopuk-3\/#primaryimage\"},\"image\":{\"@id\":\"https:\/\/iconcare.com.tr\/en\/index.php\/urun\/icon-care-sac-sekillendirici-kopuk-3\/#primaryimage\"},\"thumbnailUrl\":\"https:\/\/iconcare.com.tr\/en\/wp-content\/uploads\/2024\/10\/3-kopya-23.png\",\"datePublished\":\"2024-10-24T08:21:41+00:00\",\"dateModified\":\"2025-02-24T10:44:23+00:00\",\"breadcrumb\":{\"@id\":\"https:\/\/iconcare.com.tr\/en\/index.php\/urun\/icon-care-sac-sekillendirici-kopuk-3\/#breadcrumb\"},\"inLanguage\":\"tr\",\"potentialAction\":[{\"@type\":\"ReadAction\",\"target\":[\"https:\/\/iconcare.com.tr\/en\/index.php\/urun\/icon-care-sac-sekillendirici-kopuk-3\/\"]}]},{\"@type\":\"ImageObject\",\"inLanguage\":\"tr\",\"@id\":\"https:\/\/iconcare.com.tr\/en\/index.php\/urun\/icon-care-sac-sekillendirici-kopuk-3\/#primaryimage\",\"url\":\"https:\/\/iconcare.com.tr\/en\/wp-content\/uploads\/2024\/10\/3-kopya-23.png\",\"contentUrl\":\"https:\/\/iconcare.com.tr\/en\/wp-content\/uploads\/2024\/10\/3-kopya-23.png\",\"width\":1200,\"height\":1800},{\"@type\":\"BreadcrumbList\",\"@id\":\"https:\/\/iconcare.com.tr\/en\/index.php\/urun\/icon-care-sac-sekillendirici-kopuk-3\/#breadcrumb\",\"itemListElement\":[{\"@type\":\"ListItem\",\"position\":1,\"name\":\"Anasayfa\",\"item\":\"https:\/\/iconcare.com.tr\/en\/\"},{\"@type\":\"ListItem\",\"position\":2,\"name\":\"Products\",\"item\":\"https:\/\/iconcare.com.tr\/en\/index.php\/shop\/\"},{\"@type\":\"ListItem\",\"position\":3,\"name\":\"ICON Care Sa\u00e7 \u015eekillendirici K\u00f6p\u00fck\"}]},{\"@type\":\"WebSite\",\"@id\":\"https:\/\/iconcare.com.tr\/en\/#website\",\"url\":\"https:\/\/iconcare.com.tr\/en\/\",\"name\":\"ICON Care - Resmi Web Sayfas\u0131\",\"description\":\"\",\"potentialAction\":[{\"@type\":\"SearchAction\",\"target\":{\"@type\":\"EntryPoint\",\"urlTemplate\":\"https:\/\/iconcare.com.tr\/en\/?s={search_term_string}\"},\"query-input\":{\"@type\":\"PropertyValueSpecification\",\"valueRequired\":true,\"valueName\":\"search_term_string\"}}],\"inLanguage\":\"tr\"}]}<\/script>\n<!-- \/ Yoast SEO plugin. -->","yoast_head_json":{"title":"ICON Care Sa\u00e7 \u015eekillendirici K\u00f6p\u00fck - ICON Care - Resmi Web Sayfas\u0131","robots":{"index":"index","follow":"follow","max-snippet":"max-snippet:-1","max-image-preview":"max-image-preview:large","max-video-preview":"max-video-preview:-1"},"canonical":"https:\/\/iconcare.com.tr\/en\/index.php\/urun\/icon-care-sac-sekillendirici-kopuk-3\/","og_locale":"tr_TR","og_type":"article","og_title":"ICON Care Sa\u00e7 \u015eekillendirici K\u00f6p\u00fck - ICON Care - Resmi Web Sayfas\u0131","og_description":"Online Sat\u0131n Al     K\u00f6p\u00fck wax, sa\u00e7a ekstra hacim kazand\u0131rarak dolgun ve hacimli bir g\u00f6r\u00fcn\u00fcm sa\u011flar. Sa\u00e7\u0131 \u015fekillendirirken esneklik sa\u011flar, bu da daha do\u011fal ve hareketli bir stil olu\u015fturman\u0131za olanak tan\u0131r. Sa\u00e7 tellerini a\u011f\u0131rla\u015ft\u0131rmadan \u015fekil verir. G\u00fcn boyu kal\u0131c\u0131 tutu\u015f sa\u011flar. Sa\u00e7\u0131n \u015feklini uzun s\u00fcre korur ve tekrar \u015fekillendirme imkan\u0131 tan\u0131r.","og_url":"https:\/\/iconcare.com.tr\/en\/index.php\/urun\/icon-care-sac-sekillendirici-kopuk-3\/","og_site_name":"ICON Care - Resmi Web Sayfas\u0131","article_modified_time":"2025-02-24T10:44:23+00:00","og_image":[{"width":1200,"height":1800,"url":"https:\/\/iconcare.com.tr\/en\/wp-content\/uploads\/2024\/10\/3-kopya-23.png","type":"image\/png"}],"twitter_card":"summary_large_image","twitter_misc":{"Tahmini okuma s\u00fcresi":"1 dakika"},"schema":{"@context":"https:\/\/schema.org","@graph":[{"@type":"WebPage","@id":"https:\/\/iconcare.com.tr\/en\/index.php\/urun\/icon-care-sac-sekillendirici-kopuk-3\/","url":"https:\/\/iconcare.com.tr\/en\/index.php\/urun\/icon-care-sac-sekillendirici-kopuk-3\/","name":"ICON Care Sa\u00e7 \u015eekillendirici K\u00f6p\u00fck - ICON Care - Resmi Web Sayfas\u0131","isPartOf":{"@id":"https:\/\/iconcare.com.tr\/en\/#website"},"primaryImageOfPage":{"@id":"https:\/\/iconcare.com.tr\/en\/index.php\/urun\/icon-care-sac-sekillendirici-kopuk-3\/#primaryimage"},"image":{"@id":"https:\/\/iconcare.com.tr\/en\/index.php\/urun\/icon-care-sac-sekillendirici-kopuk-3\/#primaryimage"},"thumbnailUrl":"https:\/\/iconcare.com.tr\/en\/wp-content\/uploads\/2024\/10\/3-kopya-23.png","datePublished":"2024-10-24T08:21:41+00:00","dateModified":"2025-02-24T10:44:23+00:00","breadcrumb":{"@id":"https:\/\/iconcare.com.tr\/en\/index.php\/urun\/icon-care-sac-sekillendirici-kopuk-3\/#breadcrumb"},"inLanguage":"tr","potentialAction":[{"@type":"ReadAction","target":["https:\/\/iconcare.com.tr\/en\/index.php\/urun\/icon-care-sac-sekillendirici-kopuk-3\/"]}]},{"@type":"ImageObject","inLanguage":"tr","@id":"https:\/\/iconcare.com.tr\/en\/index.php\/urun\/icon-care-sac-sekillendirici-kopuk-3\/#primaryimage","url":"https:\/\/iconcare.com.tr\/en\/wp-content\/uploads\/2024\/10\/3-kopya-23.png","contentUrl":"https:\/\/iconcare.com.tr\/en\/wp-content\/uploads\/2024\/10\/3-kopya-23.png","width":1200,"height":1800},{"@type":"BreadcrumbList","@id":"https:\/\/iconcare.com.tr\/en\/index.php\/urun\/icon-care-sac-sekillendirici-kopuk-3\/#breadcrumb","itemListElement":[{"@type":"ListItem","position":1,"name":"Anasayfa","item":"https:\/\/iconcare.com.tr\/en\/"},{"@type":"ListItem","position":2,"name":"Products","item":"https:\/\/iconcare.com.tr\/en\/index.php\/shop\/"},{"@type":"ListItem","position":3,"name":"ICON Care Sa\u00e7 \u015eekillendirici K\u00f6p\u00fck"}]},{"@type":"WebSite","@id":"https:\/\/iconcare.com.tr\/en\/#website","url":"https:\/\/iconcare.com.tr\/en\/","name":"ICON Care - Resmi Web Sayfas\u0131","description":"","potentialAction":[{"@type":"SearchAction","target":{"@type":"EntryPoint","urlTemplate":"https:\/\/iconcare.com.tr\/en\/?s={search_term_string}"},"query-input":{"@type":"PropertyValueSpecification","valueRequired":true,"valueName":"search_term_string"}}],"inLanguage":"tr"}]}},"_links":{"self":[{"href":"https:\/\/iconcare.com.tr\/en\/index.php\/wp-json\/wp\/v2\/product\/1283","targetHints":{"allow":["GET"]}}],"collection":[{"href":"https:\/\/iconcare.com.tr\/en\/index.php\/wp-json\/wp\/v2\/product"}],"about":[{"href":"https:\/\/iconcare.com.tr\/en\/index.php\/wp-json\/wp\/v2\/types\/product"}],"replies":[{"embeddable":true,"href":"https:\/\/iconcare.com.tr\/en\/index.php\/wp-json\/wp\/v2\/comments?post=1283"}],"wp:featuredmedia":[{"embeddable":true,"href":"https:\/\/iconcare.com.tr\/en\/index.php\/wp-json\/wp\/v2\/media\/1825"}],"wp:attachment":[{"href":"https:\/\/iconcare.com.tr\/en\/index.php\/wp-json\/wp\/v2\/media?parent=1283"}],"wp:term":[{"taxonomy":"product_cat","embeddable":true,"href":"https:\/\/iconcare.com.tr\/en\/index.php\/wp-json\/wp\/v2\/product_cat?post=1283"},{"taxonomy":"product_tag","embeddable":true,"href":"https:\/\/iconcare.com.tr\/en\/index.php\/wp-json\/wp\/v2\/product_tag?post=1283"}],"curies":[{"name":"wp","href":"https:\/\/api.w.org\/{rel}","templated":true}]}}