{"id":1277,"date":"2024-10-24T11:17:34","date_gmt":"2024-10-24T08:17:34","guid":{"rendered":"https:\/\/iconcare.com.tr\/?post_type=product&#038;p=1277"},"modified":"2025-02-24T13:45:03","modified_gmt":"2025-02-24T10:45:03","slug":"icon-care-sac-sekillendirici-kopuk-2","status":"publish","type":"product","link":"https:\/\/iconcare.com.tr\/en\/index.php\/urun\/icon-care-sac-sekillendirici-kopuk-2\/","title":{"rendered":"ICON Care Sa\u00e7 \u015eekillendirici K\u00f6p\u00fck"},"content":{"rendered":"","protected":false},"excerpt":{"rendered":"<p><img fetchpriority=\"high\" decoding=\"async\" class=\"alignnone wp-image-1253 size-full\" src=\"https:\/\/iconcare.com.tr\/wp-content\/uploads\/2024\/10\/Adsiz-tasarim-87.png\" alt=\"\" width=\"800\" height=\"250\" \/><br \/>\n<a class=\"elementor-button elementor-button-link elementor-size-sm\" href=\"#elementor-action%3Aaction%3Dpopup%3Aopen%26settings%3DeyJpZCI6IjE2MjQiLCJ0b2dnbGUiOmZhbHNlfQ%3D%3D\" target=\"_blank\" rel=\"noopener\"\ndata-gtm-event=\"purchase_start\"><br \/>\n  <span class=\"elementor-button-content-wrapper\"><br \/>\n    <span class=\"elementor-button-icon\"><br \/>\n    <\/span><br \/>\n    <span class=\"elementor-button-text\">Online Sat\u0131n Al<\/span><br \/>\n  <\/span><br \/>\n<\/a><\/p>\n<div class=\"wp-block-buttons\"><span class=\"OYPEnA font-feature-liga-off font-feature-clig-off font-feature-calt-off text-decoration-none text-strikethrough-none\">\u00c7ocuklar\u0131n sa\u00e7lar\u0131,<\/span><span class=\"OYPEnA font-feature-liga-off font-feature-clig-off font-feature-calt-off text-decoration-none text-strikethrough-none\"> yeti\u015fkinlere g\u00f6re daha hassas ve narin olabilir. Bu nedenle, sa\u00e7 \u015fekillendirme \u00fcr\u00fcnleri se\u00e7erken i\u00e7erdikleri bile\u015fenlerin \u00e7ocuklar\u0131n hassas cilt ve sa\u00e7 derisini tahri\u015f etmemesi \u00f6nemlidir. Bu sa\u00e7 \u015fekillendirici k\u00f6p\u00fck, gluten ve mikroplastik i\u00e7ermez. \u0130\u00e7eri\u011findeki Aloevera ve Zeytin ekstraktlar\u0131 sayesinde \u00e7ocuklar\u0131n sa\u00e7lar\u0131n\u0131 do\u011fal bir \u015fekilde besler ve g\u00fc\u00e7lendirir. Sa\u00e7 tellerini korur.<\/span><\/div>\n<p><!-- Event snippet for Purchase Start conversion page\nIn your html page, add the snippet and call gtag_report_conversion when someone clicks on the chosen link or button. --><br \/>\n<script>\nfunction gtag_report_conversion(url) {\n  var callback = function () {\n    if (typeof(url) != 'undefined') {\n      window.location = url;\n    }\n  };\n  gtag('event', 'conversion', {\n      'send_to': 'AW-16766295953\/6tj6CN3MzJUaEJG_5bo-',\n      'event_callback': callback\n  });\n  return false;\n}\n<\/script><\/p>\n","protected":false},"featured_media":1826,"comment_status":"closed","ping_status":"closed","template":"","meta":[],"product_cat":[15],"product_tag":[],"class_list":{"0":"post-1277","1":"product","2":"type-product","3":"status-publish","4":"has-post-thumbnail","6":"product_cat-genel","8":"first","9":"instock","10":"shipping-taxable","11":"product-type-simple"},"yoast_head":"<!-- This site is optimized with the Yoast SEO plugin v23.8 - https:\/\/yoast.com\/wordpress\/plugins\/seo\/ -->\n<title>ICON Care Sa\u00e7 \u015eekillendirici K\u00f6p\u00fck - ICON Care - Resmi Web Sayfas\u0131<\/title>\n<meta name=\"robots\" content=\"index, follow, max-snippet:-1, max-image-preview:large, max-video-preview:-1\" \/>\n<link rel=\"canonical\" href=\"https:\/\/iconcare.com.tr\/en\/index.php\/urun\/icon-care-sac-sekillendirici-kopuk-2\/\" \/>\n<meta property=\"og:locale\" content=\"tr_TR\" \/>\n<meta property=\"og:type\" content=\"article\" \/>\n<meta property=\"og:title\" content=\"ICON Care Sa\u00e7 \u015eekillendirici K\u00f6p\u00fck - ICON Care - Resmi Web Sayfas\u0131\" \/>\n<meta property=\"og:description\" content=\"Online Sat\u0131n Al     \u00c7ocuklar\u0131n sa\u00e7lar\u0131, yeti\u015fkinlere g\u00f6re daha hassas ve narin olabilir. Bu nedenle, sa\u00e7 \u015fekillendirme \u00fcr\u00fcnleri se\u00e7erken i\u00e7erdikleri bile\u015fenlerin \u00e7ocuklar\u0131n hassas cilt ve sa\u00e7 derisini tahri\u015f etmemesi \u00f6nemlidir. Bu sa\u00e7 \u015fekillendirici k\u00f6p\u00fck, gluten ve mikroplastik i\u00e7ermez. \u0130\u00e7eri\u011findeki Aloevera ve Zeytin ekstraktlar\u0131 sayesinde \u00e7ocuklar\u0131n sa\u00e7lar\u0131n\u0131 do\u011fal bir \u015fekilde besler ve g\u00fc\u00e7lendirir. Sa\u00e7 tellerini korur.\" \/>\n<meta property=\"og:url\" content=\"https:\/\/iconcare.com.tr\/en\/index.php\/urun\/icon-care-sac-sekillendirici-kopuk-2\/\" \/>\n<meta property=\"og:site_name\" content=\"ICON Care - Resmi Web Sayfas\u0131\" \/>\n<meta property=\"article:modified_time\" content=\"2025-02-24T10:45:03+00:00\" \/>\n<meta property=\"og:image\" content=\"https:\/\/iconcare.com.tr\/en\/wp-content\/uploads\/2024\/10\/Sac-Sek.-Kopuk-For-Kids.png\" \/>\n\t<meta property=\"og:image:width\" content=\"1200\" \/>\n\t<meta property=\"og:image:height\" content=\"1800\" \/>\n\t<meta property=\"og:image:type\" content=\"image\/png\" \/>\n<meta name=\"twitter:card\" content=\"summary_large_image\" \/>\n<meta name=\"twitter:label1\" content=\"Tahmini okuma s\u00fcresi\" \/>\n\t<meta name=\"twitter:data1\" content=\"1 dakika\" \/>\n<script type=\"application\/ld+json\" class=\"yoast-schema-graph\">{\"@context\":\"https:\/\/schema.org\",\"@graph\":[{\"@type\":\"WebPage\",\"@id\":\"https:\/\/iconcare.com.tr\/en\/index.php\/urun\/icon-care-sac-sekillendirici-kopuk-2\/\",\"url\":\"https:\/\/iconcare.com.tr\/en\/index.php\/urun\/icon-care-sac-sekillendirici-kopuk-2\/\",\"name\":\"ICON Care Sa\u00e7 \u015eekillendirici K\u00f6p\u00fck - ICON Care - Resmi Web Sayfas\u0131\",\"isPartOf\":{\"@id\":\"https:\/\/iconcare.com.tr\/en\/#website\"},\"primaryImageOfPage\":{\"@id\":\"https:\/\/iconcare.com.tr\/en\/index.php\/urun\/icon-care-sac-sekillendirici-kopuk-2\/#primaryimage\"},\"image\":{\"@id\":\"https:\/\/iconcare.com.tr\/en\/index.php\/urun\/icon-care-sac-sekillendirici-kopuk-2\/#primaryimage\"},\"thumbnailUrl\":\"https:\/\/iconcare.com.tr\/en\/wp-content\/uploads\/2024\/10\/Sac-Sek.-Kopuk-For-Kids.png\",\"datePublished\":\"2024-10-24T08:17:34+00:00\",\"dateModified\":\"2025-02-24T10:45:03+00:00\",\"breadcrumb\":{\"@id\":\"https:\/\/iconcare.com.tr\/en\/index.php\/urun\/icon-care-sac-sekillendirici-kopuk-2\/#breadcrumb\"},\"inLanguage\":\"tr\",\"potentialAction\":[{\"@type\":\"ReadAction\",\"target\":[\"https:\/\/iconcare.com.tr\/en\/index.php\/urun\/icon-care-sac-sekillendirici-kopuk-2\/\"]}]},{\"@type\":\"ImageObject\",\"inLanguage\":\"tr\",\"@id\":\"https:\/\/iconcare.com.tr\/en\/index.php\/urun\/icon-care-sac-sekillendirici-kopuk-2\/#primaryimage\",\"url\":\"https:\/\/iconcare.com.tr\/en\/wp-content\/uploads\/2024\/10\/Sac-Sek.-Kopuk-For-Kids.png\",\"contentUrl\":\"https:\/\/iconcare.com.tr\/en\/wp-content\/uploads\/2024\/10\/Sac-Sek.-Kopuk-For-Kids.png\",\"width\":1200,\"height\":1800},{\"@type\":\"BreadcrumbList\",\"@id\":\"https:\/\/iconcare.com.tr\/en\/index.php\/urun\/icon-care-sac-sekillendirici-kopuk-2\/#breadcrumb\",\"itemListElement\":[{\"@type\":\"ListItem\",\"position\":1,\"name\":\"Anasayfa\",\"item\":\"https:\/\/iconcare.com.tr\/en\/\"},{\"@type\":\"ListItem\",\"position\":2,\"name\":\"Products\",\"item\":\"https:\/\/iconcare.com.tr\/en\/index.php\/shop\/\"},{\"@type\":\"ListItem\",\"position\":3,\"name\":\"ICON Care Sa\u00e7 \u015eekillendirici K\u00f6p\u00fck\"}]},{\"@type\":\"WebSite\",\"@id\":\"https:\/\/iconcare.com.tr\/en\/#website\",\"url\":\"https:\/\/iconcare.com.tr\/en\/\",\"name\":\"ICON Care - Resmi Web Sayfas\u0131\",\"description\":\"\",\"potentialAction\":[{\"@type\":\"SearchAction\",\"target\":{\"@type\":\"EntryPoint\",\"urlTemplate\":\"https:\/\/iconcare.com.tr\/en\/?s={search_term_string}\"},\"query-input\":{\"@type\":\"PropertyValueSpecification\",\"valueRequired\":true,\"valueName\":\"search_term_string\"}}],\"inLanguage\":\"tr\"}]}<\/script>\n<!-- \/ Yoast SEO plugin. -->","yoast_head_json":{"title":"ICON Care Sa\u00e7 \u015eekillendirici K\u00f6p\u00fck - ICON Care - Resmi Web Sayfas\u0131","robots":{"index":"index","follow":"follow","max-snippet":"max-snippet:-1","max-image-preview":"max-image-preview:large","max-video-preview":"max-video-preview:-1"},"canonical":"https:\/\/iconcare.com.tr\/en\/index.php\/urun\/icon-care-sac-sekillendirici-kopuk-2\/","og_locale":"tr_TR","og_type":"article","og_title":"ICON Care Sa\u00e7 \u015eekillendirici K\u00f6p\u00fck - ICON Care - Resmi Web Sayfas\u0131","og_description":"Online Sat\u0131n Al     \u00c7ocuklar\u0131n sa\u00e7lar\u0131, yeti\u015fkinlere g\u00f6re daha hassas ve narin olabilir. Bu nedenle, sa\u00e7 \u015fekillendirme \u00fcr\u00fcnleri se\u00e7erken i\u00e7erdikleri bile\u015fenlerin \u00e7ocuklar\u0131n hassas cilt ve sa\u00e7 derisini tahri\u015f etmemesi \u00f6nemlidir. Bu sa\u00e7 \u015fekillendirici k\u00f6p\u00fck, gluten ve mikroplastik i\u00e7ermez. \u0130\u00e7eri\u011findeki Aloevera ve Zeytin ekstraktlar\u0131 sayesinde \u00e7ocuklar\u0131n sa\u00e7lar\u0131n\u0131 do\u011fal bir \u015fekilde besler ve g\u00fc\u00e7lendirir. Sa\u00e7 tellerini korur.","og_url":"https:\/\/iconcare.com.tr\/en\/index.php\/urun\/icon-care-sac-sekillendirici-kopuk-2\/","og_site_name":"ICON Care - Resmi Web Sayfas\u0131","article_modified_time":"2025-02-24T10:45:03+00:00","og_image":[{"width":1200,"height":1800,"url":"https:\/\/iconcare.com.tr\/en\/wp-content\/uploads\/2024\/10\/Sac-Sek.-Kopuk-For-Kids.png","type":"image\/png"}],"twitter_card":"summary_large_image","twitter_misc":{"Tahmini okuma s\u00fcresi":"1 dakika"},"schema":{"@context":"https:\/\/schema.org","@graph":[{"@type":"WebPage","@id":"https:\/\/iconcare.com.tr\/en\/index.php\/urun\/icon-care-sac-sekillendirici-kopuk-2\/","url":"https:\/\/iconcare.com.tr\/en\/index.php\/urun\/icon-care-sac-sekillendirici-kopuk-2\/","name":"ICON Care Sa\u00e7 \u015eekillendirici K\u00f6p\u00fck - ICON Care - Resmi Web Sayfas\u0131","isPartOf":{"@id":"https:\/\/iconcare.com.tr\/en\/#website"},"primaryImageOfPage":{"@id":"https:\/\/iconcare.com.tr\/en\/index.php\/urun\/icon-care-sac-sekillendirici-kopuk-2\/#primaryimage"},"image":{"@id":"https:\/\/iconcare.com.tr\/en\/index.php\/urun\/icon-care-sac-sekillendirici-kopuk-2\/#primaryimage"},"thumbnailUrl":"https:\/\/iconcare.com.tr\/en\/wp-content\/uploads\/2024\/10\/Sac-Sek.-Kopuk-For-Kids.png","datePublished":"2024-10-24T08:17:34+00:00","dateModified":"2025-02-24T10:45:03+00:00","breadcrumb":{"@id":"https:\/\/iconcare.com.tr\/en\/index.php\/urun\/icon-care-sac-sekillendirici-kopuk-2\/#breadcrumb"},"inLanguage":"tr","potentialAction":[{"@type":"ReadAction","target":["https:\/\/iconcare.com.tr\/en\/index.php\/urun\/icon-care-sac-sekillendirici-kopuk-2\/"]}]},{"@type":"ImageObject","inLanguage":"tr","@id":"https:\/\/iconcare.com.tr\/en\/index.php\/urun\/icon-care-sac-sekillendirici-kopuk-2\/#primaryimage","url":"https:\/\/iconcare.com.tr\/en\/wp-content\/uploads\/2024\/10\/Sac-Sek.-Kopuk-For-Kids.png","contentUrl":"https:\/\/iconcare.com.tr\/en\/wp-content\/uploads\/2024\/10\/Sac-Sek.-Kopuk-For-Kids.png","width":1200,"height":1800},{"@type":"BreadcrumbList","@id":"https:\/\/iconcare.com.tr\/en\/index.php\/urun\/icon-care-sac-sekillendirici-kopuk-2\/#breadcrumb","itemListElement":[{"@type":"ListItem","position":1,"name":"Anasayfa","item":"https:\/\/iconcare.com.tr\/en\/"},{"@type":"ListItem","position":2,"name":"Products","item":"https:\/\/iconcare.com.tr\/en\/index.php\/shop\/"},{"@type":"ListItem","position":3,"name":"ICON Care Sa\u00e7 \u015eekillendirici K\u00f6p\u00fck"}]},{"@type":"WebSite","@id":"https:\/\/iconcare.com.tr\/en\/#website","url":"https:\/\/iconcare.com.tr\/en\/","name":"ICON Care - Resmi Web Sayfas\u0131","description":"","potentialAction":[{"@type":"SearchAction","target":{"@type":"EntryPoint","urlTemplate":"https:\/\/iconcare.com.tr\/en\/?s={search_term_string}"},"query-input":{"@type":"PropertyValueSpecification","valueRequired":true,"valueName":"search_term_string"}}],"inLanguage":"tr"}]}},"_links":{"self":[{"href":"https:\/\/iconcare.com.tr\/en\/index.php\/wp-json\/wp\/v2\/product\/1277","targetHints":{"allow":["GET"]}}],"collection":[{"href":"https:\/\/iconcare.com.tr\/en\/index.php\/wp-json\/wp\/v2\/product"}],"about":[{"href":"https:\/\/iconcare.com.tr\/en\/index.php\/wp-json\/wp\/v2\/types\/product"}],"replies":[{"embeddable":true,"href":"https:\/\/iconcare.com.tr\/en\/index.php\/wp-json\/wp\/v2\/comments?post=1277"}],"wp:featuredmedia":[{"embeddable":true,"href":"https:\/\/iconcare.com.tr\/en\/index.php\/wp-json\/wp\/v2\/media\/1826"}],"wp:attachment":[{"href":"https:\/\/iconcare.com.tr\/en\/index.php\/wp-json\/wp\/v2\/media?parent=1277"}],"wp:term":[{"taxonomy":"product_cat","embeddable":true,"href":"https:\/\/iconcare.com.tr\/en\/index.php\/wp-json\/wp\/v2\/product_cat?post=1277"},{"taxonomy":"product_tag","embeddable":true,"href":"https:\/\/iconcare.com.tr\/en\/index.php\/wp-json\/wp\/v2\/product_tag?post=1277"}],"curies":[{"name":"wp","href":"https:\/\/api.w.org\/{rel}","templated":true}]}}