{"id":1056,"date":"2024-10-18T10:37:54","date_gmt":"2024-10-18T07:37:54","guid":{"rendered":"https:\/\/iconcare.com.tr\/?post_type=product&#038;p=1056"},"modified":"2025-02-24T14:00:51","modified_gmt":"2025-02-24T11:00:51","slug":"icon-care-cilt-bakim-kopugu-blueberry-milkshake","status":"publish","type":"product","link":"https:\/\/iconcare.com.tr\/en\/index.php\/urun\/icon-care-cilt-bakim-kopugu-blueberry-milkshake\/","title":{"rendered":"ICON Care Cilt Bak\u0131m K\u00f6p\u00fc\u011f\u00fc"},"content":{"rendered":"","protected":false},"excerpt":{"rendered":"<p><!-- Event snippet for Purchase Start conversion page\nIn your html page, add the snippet and call gtag_report_conversion when someone clicks on the chosen link or button. --><br \/>\n<script>\nfunction gtag_report_conversion(url) {\n  var callback = function () {\n    if (typeof(url) != 'undefined') {\n      window.location = url;\n    }\n  };\n  gtag('event', 'conversion', {\n      'send_to': 'AW-16766295953\/6tj6CN3MzJUaEJG_5bo-',\n      'event_callback': callback\n  });\n  return false;\n}\n<\/script><br \/>\n<img fetchpriority=\"high\" decoding=\"async\" class=\"alignnone size-full wp-image-1058\" src=\"https:\/\/iconcare.com.tr\/wp-content\/uploads\/2024\/10\/Adsiz-tasarim-83.png\" alt=\"\" width=\"800\" height=\"250\" \/><\/p>\n<p>&nbsp;<\/p>\n<p><a class=\"elementor-button elementor-button-link elementor-size-sm\" href=\"#elementor-action%3Aaction%3Dpopup%3Aopen%26settings%3DeyJpZCI6IjE0OTUiLCJ0b2dnbGUiOmZhbHNlfQ%3D%3D\" target=\"_blank\" rel=\"noopener\"\ndata-gtm-event=\"purchase_start\"><br \/>\n  <span class=\"elementor-button-content-wrapper\"><br \/>\n    <span class=\"elementor-button-icon\"><br \/>\n    <\/span><br \/>\n    <span class=\"elementor-button-text\">Online Sat\u0131n Al<\/span><br \/>\n  <\/span><br \/>\n<\/a><\/p>\n<p>&nbsp;<\/p>\n<div><\/div>\n<div class=\"wp-block-buttons\"><span class=\"OYPEnA font-feature-liga-off font-feature-clig-off font-feature-calt-off text-decoration-none text-strikethrough-none\">Panthenol (provitamin B5)<\/span><span class=\"OYPEnA font-feature-liga-off font-feature-clig-off font-feature-calt-off text-decoration-none text-strikethrough-none\"> ile zenginle\u015ftirilmi\u015f form\u00fcl\u00fc, cildin canland\u0131r\u0131lmas\u0131na ve tazelenmesine yard\u0131mc\u0131 olur. Panthenol, cildi besleyerek derinlemesine nemlendirme sa\u011flar ve cildin do\u011fal bariyerini g\u00fc\u00e7lendirir, b\u00f6ylece cildi d\u0131\u015f etkenlere kar\u015f\u0131 korur<\/span> <span class=\"OYPEnA font-feature-liga-off font-feature-clig-off font-feature-calt-off text-decoration-none text-strikethrough-none\">ve onar\u0131r. Taze yaban mersini ve s\u00fct kokular\u0131, enerji verici bir milk shake hissi yarat\u0131r.<\/span> \u00a0 <span class=\"OYPEnA font-feature-liga-off font-feature-clig-off font-feature-calt-off text-decoration-none text-strikethrough-none\">*G\u00fcnl\u00fck kullan\u0131m i\u00e7in uygundur, \u00f6zellikle banyo sonras\u0131 kullan\u0131m \u00f6nerilir.<\/span><\/div>\n","protected":false},"featured_media":1833,"comment_status":"closed","ping_status":"closed","template":"","meta":[],"product_cat":[15],"product_tag":[],"class_list":{"0":"post-1056","1":"product","2":"type-product","3":"status-publish","4":"has-post-thumbnail","6":"product_cat-genel","8":"first","9":"instock","10":"shipping-taxable","11":"product-type-simple"},"yoast_head":"<!-- This site is optimized with the Yoast SEO plugin v23.8 - https:\/\/yoast.com\/wordpress\/plugins\/seo\/ -->\n<title>ICON Care Cilt Bak\u0131m K\u00f6p\u00fc\u011f\u00fc - ICON Care - Resmi Web Sayfas\u0131<\/title>\n<meta name=\"robots\" content=\"index, follow, max-snippet:-1, max-image-preview:large, max-video-preview:-1\" \/>\n<link rel=\"canonical\" href=\"https:\/\/iconcare.com.tr\/en\/index.php\/urun\/icon-care-cilt-bakim-kopugu-blueberry-milkshake\/\" \/>\n<meta property=\"og:locale\" content=\"tr_TR\" \/>\n<meta property=\"og:type\" content=\"article\" \/>\n<meta property=\"og:title\" content=\"ICON Care Cilt Bak\u0131m K\u00f6p\u00fc\u011f\u00fc - ICON Care - Resmi Web Sayfas\u0131\" \/>\n<meta property=\"og:description\" content=\"&nbsp;             Online Sat\u0131n Al     &nbsp;  Panthenol (provitamin B5) ile zenginle\u015ftirilmi\u015f form\u00fcl\u00fc, cildin canland\u0131r\u0131lmas\u0131na ve tazelenmesine yard\u0131mc\u0131 olur. Panthenol, cildi besleyerek derinlemesine nemlendirme sa\u011flar ve cildin do\u011fal bariyerini g\u00fc\u00e7lendirir, b\u00f6ylece cildi d\u0131\u015f etkenlere kar\u015f\u0131 korur ve onar\u0131r. Taze yaban mersini ve s\u00fct kokular\u0131, enerji verici bir milk shake hissi yarat\u0131r. \u00a0 *G\u00fcnl\u00fck kullan\u0131m i\u00e7in uygundur, \u00f6zellikle banyo sonras\u0131 kullan\u0131m \u00f6nerilir.\" \/>\n<meta property=\"og:url\" content=\"https:\/\/iconcare.com.tr\/en\/index.php\/urun\/icon-care-cilt-bakim-kopugu-blueberry-milkshake\/\" \/>\n<meta property=\"og:site_name\" content=\"ICON Care - Resmi Web Sayfas\u0131\" \/>\n<meta property=\"article:modified_time\" content=\"2025-02-24T11:00:51+00:00\" \/>\n<meta property=\"og:image\" content=\"https:\/\/iconcare.com.tr\/en\/wp-content\/uploads\/2024\/10\/Cilt-Bakim-Kopugu-Blueberry-Milkshake.png\" \/>\n\t<meta property=\"og:image:width\" content=\"1200\" \/>\n\t<meta property=\"og:image:height\" content=\"1800\" \/>\n\t<meta property=\"og:image:type\" content=\"image\/png\" \/>\n<meta name=\"twitter:card\" content=\"summary_large_image\" \/>\n<meta name=\"twitter:label1\" content=\"Tahmini okuma s\u00fcresi\" \/>\n\t<meta name=\"twitter:data1\" content=\"1 dakika\" \/>\n<script type=\"application\/ld+json\" class=\"yoast-schema-graph\">{\"@context\":\"https:\/\/schema.org\",\"@graph\":[{\"@type\":\"WebPage\",\"@id\":\"https:\/\/iconcare.com.tr\/en\/index.php\/urun\/icon-care-cilt-bakim-kopugu-blueberry-milkshake\/\",\"url\":\"https:\/\/iconcare.com.tr\/en\/index.php\/urun\/icon-care-cilt-bakim-kopugu-blueberry-milkshake\/\",\"name\":\"ICON Care Cilt Bak\u0131m K\u00f6p\u00fc\u011f\u00fc - ICON Care - Resmi Web Sayfas\u0131\",\"isPartOf\":{\"@id\":\"https:\/\/iconcare.com.tr\/en\/#website\"},\"primaryImageOfPage\":{\"@id\":\"https:\/\/iconcare.com.tr\/en\/index.php\/urun\/icon-care-cilt-bakim-kopugu-blueberry-milkshake\/#primaryimage\"},\"image\":{\"@id\":\"https:\/\/iconcare.com.tr\/en\/index.php\/urun\/icon-care-cilt-bakim-kopugu-blueberry-milkshake\/#primaryimage\"},\"thumbnailUrl\":\"https:\/\/iconcare.com.tr\/en\/wp-content\/uploads\/2024\/10\/Cilt-Bakim-Kopugu-Blueberry-Milkshake.png\",\"datePublished\":\"2024-10-18T07:37:54+00:00\",\"dateModified\":\"2025-02-24T11:00:51+00:00\",\"breadcrumb\":{\"@id\":\"https:\/\/iconcare.com.tr\/en\/index.php\/urun\/icon-care-cilt-bakim-kopugu-blueberry-milkshake\/#breadcrumb\"},\"inLanguage\":\"tr\",\"potentialAction\":[{\"@type\":\"ReadAction\",\"target\":[\"https:\/\/iconcare.com.tr\/en\/index.php\/urun\/icon-care-cilt-bakim-kopugu-blueberry-milkshake\/\"]}]},{\"@type\":\"ImageObject\",\"inLanguage\":\"tr\",\"@id\":\"https:\/\/iconcare.com.tr\/en\/index.php\/urun\/icon-care-cilt-bakim-kopugu-blueberry-milkshake\/#primaryimage\",\"url\":\"https:\/\/iconcare.com.tr\/en\/wp-content\/uploads\/2024\/10\/Cilt-Bakim-Kopugu-Blueberry-Milkshake.png\",\"contentUrl\":\"https:\/\/iconcare.com.tr\/en\/wp-content\/uploads\/2024\/10\/Cilt-Bakim-Kopugu-Blueberry-Milkshake.png\",\"width\":1200,\"height\":1800},{\"@type\":\"BreadcrumbList\",\"@id\":\"https:\/\/iconcare.com.tr\/en\/index.php\/urun\/icon-care-cilt-bakim-kopugu-blueberry-milkshake\/#breadcrumb\",\"itemListElement\":[{\"@type\":\"ListItem\",\"position\":1,\"name\":\"Anasayfa\",\"item\":\"https:\/\/iconcare.com.tr\/en\/\"},{\"@type\":\"ListItem\",\"position\":2,\"name\":\"Products\",\"item\":\"https:\/\/iconcare.com.tr\/en\/index.php\/shop\/\"},{\"@type\":\"ListItem\",\"position\":3,\"name\":\"ICON Care Cilt Bak\u0131m K\u00f6p\u00fc\u011f\u00fc\"}]},{\"@type\":\"WebSite\",\"@id\":\"https:\/\/iconcare.com.tr\/en\/#website\",\"url\":\"https:\/\/iconcare.com.tr\/en\/\",\"name\":\"ICON Care - Resmi Web Sayfas\u0131\",\"description\":\"\",\"potentialAction\":[{\"@type\":\"SearchAction\",\"target\":{\"@type\":\"EntryPoint\",\"urlTemplate\":\"https:\/\/iconcare.com.tr\/en\/?s={search_term_string}\"},\"query-input\":{\"@type\":\"PropertyValueSpecification\",\"valueRequired\":true,\"valueName\":\"search_term_string\"}}],\"inLanguage\":\"tr\"}]}<\/script>\n<!-- \/ Yoast SEO plugin. -->","yoast_head_json":{"title":"ICON Care Cilt Bak\u0131m K\u00f6p\u00fc\u011f\u00fc - ICON Care - Resmi Web Sayfas\u0131","robots":{"index":"index","follow":"follow","max-snippet":"max-snippet:-1","max-image-preview":"max-image-preview:large","max-video-preview":"max-video-preview:-1"},"canonical":"https:\/\/iconcare.com.tr\/en\/index.php\/urun\/icon-care-cilt-bakim-kopugu-blueberry-milkshake\/","og_locale":"tr_TR","og_type":"article","og_title":"ICON Care Cilt Bak\u0131m K\u00f6p\u00fc\u011f\u00fc - ICON Care - Resmi Web Sayfas\u0131","og_description":"&nbsp;             Online Sat\u0131n Al     &nbsp;  Panthenol (provitamin B5) ile zenginle\u015ftirilmi\u015f form\u00fcl\u00fc, cildin canland\u0131r\u0131lmas\u0131na ve tazelenmesine yard\u0131mc\u0131 olur. Panthenol, cildi besleyerek derinlemesine nemlendirme sa\u011flar ve cildin do\u011fal bariyerini g\u00fc\u00e7lendirir, b\u00f6ylece cildi d\u0131\u015f etkenlere kar\u015f\u0131 korur ve onar\u0131r. Taze yaban mersini ve s\u00fct kokular\u0131, enerji verici bir milk shake hissi yarat\u0131r. \u00a0 *G\u00fcnl\u00fck kullan\u0131m i\u00e7in uygundur, \u00f6zellikle banyo sonras\u0131 kullan\u0131m \u00f6nerilir.","og_url":"https:\/\/iconcare.com.tr\/en\/index.php\/urun\/icon-care-cilt-bakim-kopugu-blueberry-milkshake\/","og_site_name":"ICON Care - Resmi Web Sayfas\u0131","article_modified_time":"2025-02-24T11:00:51+00:00","og_image":[{"width":1200,"height":1800,"url":"https:\/\/iconcare.com.tr\/en\/wp-content\/uploads\/2024\/10\/Cilt-Bakim-Kopugu-Blueberry-Milkshake.png","type":"image\/png"}],"twitter_card":"summary_large_image","twitter_misc":{"Tahmini okuma s\u00fcresi":"1 dakika"},"schema":{"@context":"https:\/\/schema.org","@graph":[{"@type":"WebPage","@id":"https:\/\/iconcare.com.tr\/en\/index.php\/urun\/icon-care-cilt-bakim-kopugu-blueberry-milkshake\/","url":"https:\/\/iconcare.com.tr\/en\/index.php\/urun\/icon-care-cilt-bakim-kopugu-blueberry-milkshake\/","name":"ICON Care Cilt Bak\u0131m K\u00f6p\u00fc\u011f\u00fc - ICON Care - Resmi Web Sayfas\u0131","isPartOf":{"@id":"https:\/\/iconcare.com.tr\/en\/#website"},"primaryImageOfPage":{"@id":"https:\/\/iconcare.com.tr\/en\/index.php\/urun\/icon-care-cilt-bakim-kopugu-blueberry-milkshake\/#primaryimage"},"image":{"@id":"https:\/\/iconcare.com.tr\/en\/index.php\/urun\/icon-care-cilt-bakim-kopugu-blueberry-milkshake\/#primaryimage"},"thumbnailUrl":"https:\/\/iconcare.com.tr\/en\/wp-content\/uploads\/2024\/10\/Cilt-Bakim-Kopugu-Blueberry-Milkshake.png","datePublished":"2024-10-18T07:37:54+00:00","dateModified":"2025-02-24T11:00:51+00:00","breadcrumb":{"@id":"https:\/\/iconcare.com.tr\/en\/index.php\/urun\/icon-care-cilt-bakim-kopugu-blueberry-milkshake\/#breadcrumb"},"inLanguage":"tr","potentialAction":[{"@type":"ReadAction","target":["https:\/\/iconcare.com.tr\/en\/index.php\/urun\/icon-care-cilt-bakim-kopugu-blueberry-milkshake\/"]}]},{"@type":"ImageObject","inLanguage":"tr","@id":"https:\/\/iconcare.com.tr\/en\/index.php\/urun\/icon-care-cilt-bakim-kopugu-blueberry-milkshake\/#primaryimage","url":"https:\/\/iconcare.com.tr\/en\/wp-content\/uploads\/2024\/10\/Cilt-Bakim-Kopugu-Blueberry-Milkshake.png","contentUrl":"https:\/\/iconcare.com.tr\/en\/wp-content\/uploads\/2024\/10\/Cilt-Bakim-Kopugu-Blueberry-Milkshake.png","width":1200,"height":1800},{"@type":"BreadcrumbList","@id":"https:\/\/iconcare.com.tr\/en\/index.php\/urun\/icon-care-cilt-bakim-kopugu-blueberry-milkshake\/#breadcrumb","itemListElement":[{"@type":"ListItem","position":1,"name":"Anasayfa","item":"https:\/\/iconcare.com.tr\/en\/"},{"@type":"ListItem","position":2,"name":"Products","item":"https:\/\/iconcare.com.tr\/en\/index.php\/shop\/"},{"@type":"ListItem","position":3,"name":"ICON Care Cilt Bak\u0131m K\u00f6p\u00fc\u011f\u00fc"}]},{"@type":"WebSite","@id":"https:\/\/iconcare.com.tr\/en\/#website","url":"https:\/\/iconcare.com.tr\/en\/","name":"ICON Care - Resmi Web Sayfas\u0131","description":"","potentialAction":[{"@type":"SearchAction","target":{"@type":"EntryPoint","urlTemplate":"https:\/\/iconcare.com.tr\/en\/?s={search_term_string}"},"query-input":{"@type":"PropertyValueSpecification","valueRequired":true,"valueName":"search_term_string"}}],"inLanguage":"tr"}]}},"_links":{"self":[{"href":"https:\/\/iconcare.com.tr\/en\/index.php\/wp-json\/wp\/v2\/product\/1056","targetHints":{"allow":["GET"]}}],"collection":[{"href":"https:\/\/iconcare.com.tr\/en\/index.php\/wp-json\/wp\/v2\/product"}],"about":[{"href":"https:\/\/iconcare.com.tr\/en\/index.php\/wp-json\/wp\/v2\/types\/product"}],"replies":[{"embeddable":true,"href":"https:\/\/iconcare.com.tr\/en\/index.php\/wp-json\/wp\/v2\/comments?post=1056"}],"wp:featuredmedia":[{"embeddable":true,"href":"https:\/\/iconcare.com.tr\/en\/index.php\/wp-json\/wp\/v2\/media\/1833"}],"wp:attachment":[{"href":"https:\/\/iconcare.com.tr\/en\/index.php\/wp-json\/wp\/v2\/media?parent=1056"}],"wp:term":[{"taxonomy":"product_cat","embeddable":true,"href":"https:\/\/iconcare.com.tr\/en\/index.php\/wp-json\/wp\/v2\/product_cat?post=1056"},{"taxonomy":"product_tag","embeddable":true,"href":"https:\/\/iconcare.com.tr\/en\/index.php\/wp-json\/wp\/v2\/product_tag?post=1056"}],"curies":[{"name":"wp","href":"https:\/\/api.w.org\/{rel}","templated":true}]}}